{"id":14,"date":"2025-03-13T12:51:07","date_gmt":"2025-03-13T12:51:07","guid":{"rendered":"https:\/\/eventoslpa.com\/about\/"},"modified":"2025-03-19T13:26:04","modified_gmt":"2025-03-19T13:26:04","slug":"lpa","status":"publish","type":"page","link":"https:\/\/eventoslpa.com\/en\/lpa\/","title":{"rendered":"lpa"},"content":{"rendered":"<div data-elementor-type=\"wp-page\" data-elementor-id=\"14\" class=\"elementor elementor-14\" data-elementor-post-type=\"page\">\n\t\t\t\t<div class=\"elementor-element elementor-element-dcfb448 e-flex e-con-boxed e-con e-parent\" data-id=\"dcfb448\" data-element_type=\"container\" data-e-type=\"container\" data-settings=\"{&quot;background_background&quot;:&quot;classic&quot;}\">\n\t\t\t\t\t<div class=\"e-con-inner\">\n\t\t\t\t\t<\/div>\n\t\t\t\t<\/div>\n\t\t<div class=\"elementor-element elementor-element-500861b e-flex e-con-boxed e-con e-parent\" data-id=\"500861b\" data-element_type=\"container\" data-e-type=\"container\">\n\t\t\t\t\t<div class=\"e-con-inner\">\n\t\t<div class=\"elementor-element elementor-element-7dbc6fb e-con-full e-flex e-con e-child\" data-id=\"7dbc6fb\" data-element_type=\"container\" data-e-type=\"container\">\n\t\t\t\t<div class=\"elementor-element elementor-element-6658dc9 elementor-widget elementor-widget-heading\" data-id=\"6658dc9\" data-element_type=\"widget\" data-e-type=\"widget\" data-widget_type=\"heading.default\">\n\t\t\t\t<div class=\"elementor-widget-container\">\n\t\t\t\t\t<h4 class=\"elementor-heading-title elementor-size-default\">Somos un equipo multidisciplinar unidas para garantizar que nuestros clientes obtengan el mejor resultado.<\/h4>\t\t\t\t<\/div>\n\t\t\t\t<\/div>\n\t\t\t\t<div class=\"elementor-element elementor-element-cbf28da elementor-widget elementor-widget-image\" data-id=\"cbf28da\" data-element_type=\"widget\" data-e-type=\"widget\" data-widget_type=\"image.default\">\n\t\t\t\t<div class=\"elementor-widget-container\">\n\t\t\t\t\t\t\t\t\t\t\t\t\t\t\t<img fetchpriority=\"high\" decoding=\"async\" width=\"1200\" height=\"300\" src=\"https:\/\/eventoslpa.com\/wp-content\/uploads\/2025\/03\/Equipo-LPA-1.jpg\" class=\"attachment-full size-full wp-image-2524\" alt=\"Equipo LPA\" srcset=\"https:\/\/eventoslpa.com\/wp-content\/uploads\/2025\/03\/Equipo-LPA-1.jpg 1200w, https:\/\/eventoslpa.com\/wp-content\/uploads\/2025\/03\/Equipo-LPA-1-300x75.jpg 300w, https:\/\/eventoslpa.com\/wp-content\/uploads\/2025\/03\/Equipo-LPA-1-1024x256.jpg 1024w, https:\/\/eventoslpa.com\/wp-content\/uploads\/2025\/03\/Equipo-LPA-1-768x192.jpg 768w, https:\/\/eventoslpa.com\/wp-content\/uploads\/2025\/03\/Equipo-LPA-1-18x5.jpg 18w\" sizes=\"(max-width: 1200px) 100vw, 1200px\" \/>\t\t\t\t\t\t\t\t\t\t\t\t\t\t\t<\/div>\n\t\t\t\t<\/div>\n\t\t<div class=\"elementor-element elementor-element-51b695b e-flex e-con-boxed e-con e-child\" data-id=\"51b695b\" data-element_type=\"container\" data-e-type=\"container\">\n\t\t\t\t\t<div class=\"e-con-inner\">\n\t\t<div class=\"elementor-element elementor-element-bda37a0 e-flex e-con-boxed e-con e-child\" data-id=\"bda37a0\" data-element_type=\"container\" data-e-type=\"container\">\n\t\t\t\t\t<div class=\"e-con-inner\">\n\t\t\t\t<div class=\"elementor-element elementor-element-6d20ef0 elementor-widget elementor-widget-heading\" data-id=\"6d20ef0\" data-element_type=\"widget\" data-e-type=\"widget\" data-widget_type=\"heading.default\">\n\t\t\t\t<div class=\"elementor-widget-container\">\n\t\t\t\t\t<h3 class=\"elementor-heading-title elementor-size-default\">Nuestra Misi\u00f3n<\/h3>\t\t\t\t<\/div>\n\t\t\t\t<\/div>\n\t\t\t\t<div class=\"elementor-element elementor-element-91bab08 elementor-widget elementor-widget-text-editor\" data-id=\"91bab08\" data-element_type=\"widget\" data-e-type=\"widget\" data-widget_type=\"text-editor.default\">\n\t\t\t\t<div class=\"elementor-widget-container\">\n\t\t\t\t\t\t\t\t\t<p>En <strong data-start=\"36\" data-end=\"51\">Eventos LPA<\/strong>, nuestra misi\u00f3n es proporcionar un servicio integral y personalizado en la organizaci\u00f3n de J<strong data-start=\"143\" data-end=\"187\">ornadas T\u00e9cnicas y Eventos Corporativos<\/strong>, garantizando una planificaci\u00f3n eficiente, estrat\u00e9gica y sin preocupaciones para nuestros clientes.<br \/>Nos especializamos en ofrecer <b>soluciones adaptadas<\/b> a las necesidades de cada evento, <b>optimizando recursos<\/b>, asegurando la m\u00e1xima calidad en cada detalle y generando experiencias que superen las expectativas. A trav\u00e9s de un enfoque basado en la excelencia, la transparencia y la innovaci\u00f3n, trabajamos para que cada evento no solo cumpla sus objetivos, sino que tambi\u00e9n deje una huella positiva en su entorno.<br \/>Adem\u00e1s, nos comprometemos con un<b> impacto social real<\/b>, destinando parte de nuestros beneficios a <strong data-start=\"798\" data-end=\"818\">ONGs en Canarias<\/strong>, elegidas por nuestros propios clientes, contribuyendo as\u00ed al desarrollo y bienestar de nuestra comunidad.<\/p>\t\t\t\t\t\t\t\t<\/div>\n\t\t\t\t<\/div>\n\t\t\t\t\t<\/div>\n\t\t\t\t<\/div>\n\t\t\t\t\t<\/div>\n\t\t\t\t<\/div>\n\t\t\t\t<\/div>\n\t\t\t\t\t<\/div>\n\t\t\t\t<\/div>\n\t\t<div class=\"elementor-element elementor-element-760dcf4 e-flex e-con-boxed e-con e-child\" data-id=\"760dcf4\" data-element_type=\"container\" data-e-type=\"container\">\n\t\t\t\t\t<div class=\"e-con-inner\">\n\t\t\t\t<div class=\"elementor-element elementor-element-8a4de42 elementor-widget elementor-widget-heading\" data-id=\"8a4de42\" data-element_type=\"widget\" data-e-type=\"widget\" data-widget_type=\"heading.default\">\n\t\t\t\t<div class=\"elementor-widget-container\">\n\t\t\t\t\t<h3 class=\"elementor-heading-title elementor-size-default\">Nuestros Valores<\/h3>\t\t\t\t<\/div>\n\t\t\t\t<\/div>\n\t\t\t\t<div class=\"elementor-element elementor-element-7b520f0 elementor-widget elementor-widget-text-editor\" data-id=\"7b520f0\" data-element_type=\"widget\" data-e-type=\"widget\" data-widget_type=\"text-editor.default\">\n\t\t\t\t<div class=\"elementor-widget-container\">\n\t\t\t\t\t\t\t\t\t<p>En <strong data-start=\"31\" data-end=\"46\">Eventos LPA<\/strong>, nos guiamos por principios que reflejan nuestro compromiso con la excelencia, la transparencia y el impacto positivo en cada evento que organizamos.<\/p><ul><li><strong style=\"font-style: inherit; background-color: var(--ast-global-color-5); color: var(--ast-global-color-3);\" data-start=\"205\" data-end=\"240\"><strong style=\"font-size: 16px;\" data-start=\"205\" data-end=\"240\"><strong data-start=\"205\" data-end=\"240\"><strong data-start=\"205\" data-end=\"240\"><strong data-start=\"205\" data-end=\"240\">Profesionalismo y Excelencia:\u00a0<\/strong><\/strong><\/strong><\/strong><\/strong><span style=\"font-style: inherit; font-weight: inherit; color: var(--ast-global-color-3); background-color: var(--ast-global-color-5);\" data-start=\"205\" data-end=\"240\"><span style=\"font-size: 16px;\" data-start=\"205\" data-end=\"240\"><span data-start=\"205\" data-end=\"240\"><span data-start=\"205\" data-end=\"240\"><span style=\"background-color: var(--ast-global-color-5); color: var(--ast-global-color-3); font-size: 15px; font-style: inherit;\">Cuidamos cada detalle con un alto nivel de exigencia, asegurando que cada evento se desarrolle con calidad, eficiencia y cumplimiento de los objetivos marcados.<\/span><\/span><\/span><\/span><\/span><\/li><li><strong data-start=\"412\" data-end=\"445\">Innovaci\u00f3n y Adaptabilidad:\u00a0<\/strong><span style=\"font-size: 15px; font-style: inherit; font-weight: inherit; background-color: var(--ast-global-color-5); color: var(--ast-global-color-3); font-family: 'DM Sans', sans-serif;\">Nos anticipamos a las necesidades de nuestros clientes, ofreciendo soluciones creativas y adaptadas a cada contexto, con un enfoque flexible y resolutivo.<\/span><\/li><li><strong data-start=\"611\" data-end=\"644\">Transparencia y Honestidad:\u00a0<\/strong><span style=\"font-size: 15px; font-style: inherit; font-weight: inherit; background-color: var(--ast-global-color-5); color: var(--ast-global-color-3);\">Garantizamos una gesti\u00f3n econ\u00f3mica justa, ajustando el presupuesto a los servicios realmente ejecutados, sin costes ocultos ni gastos innecesarios.<\/span><\/li><li><strong style=\"font-style: inherit; background-color: var(--ast-global-color-5); color: var(--ast-global-color-3);\" data-start=\"803\" data-end=\"834\">Comunicaci\u00f3n Estrat\u00e9gica:\u00a0<\/strong><span style=\"font-style: inherit; font-weight: inherit; color: var(--ast-global-color-3); background-color: var(--ast-global-color-5);\">Contamos con un equipo especializado en <\/span><strong style=\"font-style: inherit; color: var(--ast-global-color-3); background-color: var(--ast-global-color-5);\" data-start=\"877\" data-end=\"907\">comunicaci\u00f3n institucional<\/strong><span style=\"font-style: inherit; font-weight: inherit; color: var(--ast-global-color-3); background-color: var(--ast-global-color-5);\">, lo que nos permite garantizar la presencia de autoridades y medios de comunicaci\u00f3n en los eventos de nuestros clientes.<\/span><\/li><li><strong style=\"font-style: inherit; background-color: var(--ast-global-color-5); color: var(--ast-global-color-3);\" data-start=\"1037\" data-end=\"1061\">Compromiso Social:\u00a0<\/strong><span style=\"font-style: inherit; font-weight: inherit; color: var(--ast-global-color-3); background-color: var(--ast-global-color-5);\">Destinamos parte de nuestros beneficios a <\/span><strong style=\"font-style: inherit; color: var(--ast-global-color-3); background-color: var(--ast-global-color-5);\" data-start=\"1106\" data-end=\"1126\">ONGs en Canarias<\/strong><span style=\"font-style: inherit; font-weight: inherit; color: var(--ast-global-color-3); background-color: var(--ast-global-color-5);\">, elegidas por nuestros propios clientes, reforzando nuestro compromiso con el desarrollo social y sostenible de nuestra comunidad.<\/span><\/li><\/ul>\t\t\t\t\t\t\t\t<\/div>\n\t\t\t\t<\/div>\n\t\t\t\t\t<\/div>\n\t\t\t\t<\/div>\n\t\t<div class=\"elementor-element elementor-element-ba46aa4 e-flex e-con-boxed e-con e-parent\" data-id=\"ba46aa4\" data-element_type=\"container\" data-e-type=\"container\" data-settings=\"{&quot;background_background&quot;:&quot;classic&quot;}\">\n\t\t\t\t\t<div class=\"e-con-inner\">\n\t\t<div class=\"elementor-element elementor-element-920e714 e-con-full e-flex e-con e-child\" data-id=\"920e714\" data-element_type=\"container\" data-e-type=\"container\">\n\t\t\t\t<\/div>\n\t\t<div class=\"elementor-element elementor-element-94092f7 e-con-full e-flex e-con e-child\" data-id=\"94092f7\" data-element_type=\"container\" data-e-type=\"container\">\n\t\t\t\t<div class=\"elementor-element elementor-element-aad1e15 elementor-widget elementor-widget-image\" data-id=\"aad1e15\" data-element_type=\"widget\" data-e-type=\"widget\" data-widget_type=\"image.default\">\n\t\t\t\t<div class=\"elementor-widget-container\">\n\t\t\t\t\t\t\t\t\t\t\t\t\t\t\t<img decoding=\"async\" src=\"https:\/\/eventoslpa.com\/wp-content\/uploads\/2021\/11\/quotes.svg\" class=\"attachment-full size-full wp-image-117\" alt=\"\" \/>\t\t\t\t\t\t\t\t\t\t\t\t\t\t\t<\/div>\n\t\t\t\t<\/div>\n\t\t\t\t<div class=\"elementor-element elementor-element-7f86a88 elementor-widget elementor-widget-heading\" data-id=\"7f86a88\" data-element_type=\"widget\" data-e-type=\"widget\" data-widget_type=\"heading.default\">\n\t\t\t\t<div class=\"elementor-widget-container\">\n\t\t\t\t\t<h4 class=\"elementor-heading-title elementor-size-default\">Eventos LPA cuenta con un equipo incre\u00edble de profesionales. Ha sido un placer conocerlas.<\/h4>\t\t\t\t<\/div>\n\t\t\t\t<\/div>\n\t\t\t\t<div class=\"elementor-element elementor-element-d503280 elementor-widget elementor-widget-image\" data-id=\"d503280\" data-element_type=\"widget\" data-e-type=\"widget\" data-widget_type=\"image.default\">\n\t\t\t\t<div class=\"elementor-widget-container\">\n\t\t\t\t\t\t\t\t\t\t\t\t\t\t\t<img decoding=\"async\" src=\"https:\/\/eventoslpa.com\/wp-content\/uploads\/2021\/11\/avatar_on_about.png\" title=\"\" alt=\"\" loading=\"lazy\" \/>\t\t\t\t\t\t\t\t\t\t\t\t\t\t\t<\/div>\n\t\t\t\t<\/div>\n\t\t\t\t<div class=\"elementor-element elementor-element-22c93f1 elementor-widget elementor-widget-text-editor\" data-id=\"22c93f1\" data-element_type=\"widget\" data-e-type=\"widget\" data-widget_type=\"text-editor.default\">\n\t\t\t\t<div class=\"elementor-widget-container\">\n\t\t\t\t\t\t\t\t\t<p>Gloria<\/p>\t\t\t\t\t\t\t\t<\/div>\n\t\t\t\t<\/div>\n\t\t\t\t<\/div>\n\t\t<div class=\"elementor-element elementor-element-0bd015f e-con-full e-flex e-con e-child\" data-id=\"0bd015f\" data-element_type=\"container\" data-e-type=\"container\">\n\t\t\t\t<\/div>\n\t\t\t\t\t<\/div>\n\t\t\t\t<\/div>\n\t\t\t\t<\/div>","protected":false},"excerpt":{"rendered":"<p>Somos un equipo multidisciplinar unidas para garantizar que nuestros clientes obtengan el mejor resultado. Nuestra Misi\u00f3n En Eventos LPA, nuestra misi\u00f3n es proporcionar un servicio integral y personalizado en la organizaci\u00f3n de Jornadas T\u00e9cnicas y Eventos Corporativos, garantizando una planificaci\u00f3n eficiente, estrat\u00e9gica y sin preocupaciones para nuestros clientes.Nos especializamos en ofrecer soluciones adaptadas a las [&hellip;]<\/p>\n","protected":false},"author":1,"featured_media":0,"parent":0,"menu_order":0,"comment_status":"closed","ping_status":"closed","template":"","meta":{"site-sidebar-layout":"no-sidebar","site-content-layout":"page-builder","ast-site-content-layout":"","site-content-style":"default","site-sidebar-style":"default","ast-global-header-display":"","ast-banner-title-visibility":"","ast-main-header-display":"","ast-hfb-above-header-display":"","ast-hfb-below-header-display":"","ast-hfb-mobile-header-display":"","site-post-title":"disabled","ast-breadcrumbs-content":"","ast-featured-img":"disabled","footer-sml-layout":"","theme-transparent-header-meta":"enabled","adv-header-id-meta":"","stick-header-meta":"","header-above-stick-meta":"","header-main-stick-meta":"","header-below-stick-meta":"","astra-migrate-meta-layouts":"default","ast-page-background-enabled":"default","ast-page-background-meta":{"desktop":{"background-color":"var(--ast-global-color-4)","background-image":"","background-repeat":"repeat","background-position":"center center","background-size":"auto","background-attachment":"scroll","background-type":"","background-media":"","overlay-type":"","overlay-color":"","overlay-opacity":"","overlay-gradient":""},"tablet":{"background-color":"","background-image":"","background-repeat":"repeat","background-position":"center center","background-size":"auto","background-attachment":"scroll","background-type":"","background-media":"","overlay-type":"","overlay-color":"","overlay-opacity":"","overlay-gradient":""},"mobile":{"background-color":"","background-image":"","background-repeat":"repeat","background-position":"center center","background-size":"auto","background-attachment":"scroll","background-type":"","background-media":"","overlay-type":"","overlay-color":"","overlay-opacity":"","overlay-gradient":""}},"ast-content-background-meta":{"desktop":{"background-color":"var(--ast-global-color-5)","background-image":"","background-repeat":"repeat","background-position":"center center","background-size":"auto","background-attachment":"scroll","background-type":"","background-media":"","overlay-type":"","overlay-color":"","overlay-opacity":"","overlay-gradient":""},"tablet":{"background-color":"var(--ast-global-color-5)","background-image":"","background-repeat":"repeat","background-position":"center center","background-size":"auto","background-attachment":"scroll","background-type":"","background-media":"","overlay-type":"","overlay-color":"","overlay-opacity":"","overlay-gradient":""},"mobile":{"background-color":"var(--ast-global-color-5)","background-image":"","background-repeat":"repeat","background-position":"center center","background-size":"auto","background-attachment":"scroll","background-type":"","background-media":"","overlay-type":"","overlay-color":"","overlay-opacity":"","overlay-gradient":""}},"_joinchat":[],"footnotes":""},"class_list":["post-14","page","type-page","status-publish","hentry"],"yoast_head":"<!-- This site is optimized with the Yoast SEO plugin v27.4 - https:\/\/yoast.com\/product\/yoast-seo-wordpress\/ -->\n<title>lpa - Eventos LPA - Organizaci\u00f3n y gesti\u00f3n de Eventos en las Islas Canarias<\/title>\n<meta name=\"description\" content=\"Eventos LP\u039b - Organizador de eventos en Canarias\" \/>\n<meta name=\"robots\" content=\"index, follow, max-snippet:-1, max-image-preview:large, max-video-preview:-1\" \/>\n<link rel=\"canonical\" href=\"https:\/\/eventoslpa.com\/en\/lpa\/\" \/>\n<meta property=\"og:locale\" content=\"en_GB\" \/>\n<meta property=\"og:type\" content=\"article\" \/>\n<meta property=\"og:title\" content=\"lpa - Eventos LPA - Organizaci\u00f3n y gesti\u00f3n de Eventos en las Islas Canarias\" \/>\n<meta property=\"og:description\" content=\"Eventos LP\u039b - Organizador de eventos en Canarias\" \/>\n<meta property=\"og:url\" content=\"https:\/\/eventoslpa.com\/en\/lpa\/\" \/>\n<meta property=\"og:site_name\" content=\"Eventos LPA - Organizaci\u00f3n y gesti\u00f3n de Eventos en las Islas Canarias\" \/>\n<meta property=\"article:publisher\" content=\"https:\/\/www.facebook.com\/EventosLPA\" \/>\n<meta property=\"article:modified_time\" content=\"2025-03-19T13:26:04+00:00\" \/>\n<meta property=\"og:image\" content=\"https:\/\/eventoslpa.com\/wp-content\/uploads\/2025\/03\/Equipo-LPA-1.jpg\" \/>\n\t<meta property=\"og:image:width\" content=\"1200\" \/>\n\t<meta property=\"og:image:height\" content=\"300\" \/>\n\t<meta property=\"og:image:type\" content=\"image\/jpeg\" \/>\n<meta name=\"twitter:card\" content=\"summary_large_image\" \/>\n<meta name=\"twitter:label1\" content=\"Estimated reading time\" \/>\n\t<meta name=\"twitter:data1\" content=\"3 minutes\" \/>\n<script type=\"application\/ld+json\" class=\"yoast-schema-graph\">{\"@context\":\"https:\\\/\\\/schema.org\",\"@graph\":[{\"@type\":\"WebPage\",\"@id\":\"https:\\\/\\\/eventoslpa.com\\\/lpa\\\/\",\"url\":\"https:\\\/\\\/eventoslpa.com\\\/lpa\\\/\",\"name\":\"lpa - Eventos LPA - Organizaci\u00f3n y gesti\u00f3n de Eventos en las Islas Canarias\",\"isPartOf\":{\"@id\":\"https:\\\/\\\/eventoslpa.com\\\/#website\"},\"primaryImageOfPage\":{\"@id\":\"https:\\\/\\\/eventoslpa.com\\\/lpa\\\/#primaryimage\"},\"image\":{\"@id\":\"https:\\\/\\\/eventoslpa.com\\\/lpa\\\/#primaryimage\"},\"thumbnailUrl\":\"https:\\\/\\\/eventoslpa.com\\\/wp-content\\\/uploads\\\/2025\\\/03\\\/Equipo-LPA-1.jpg\",\"datePublished\":\"2025-03-13T12:51:07+00:00\",\"dateModified\":\"2025-03-19T13:26:04+00:00\",\"description\":\"Eventos LP\u039b - Organizador de eventos en Canarias\",\"breadcrumb\":{\"@id\":\"https:\\\/\\\/eventoslpa.com\\\/lpa\\\/#breadcrumb\"},\"inLanguage\":\"en-GB\",\"potentialAction\":[{\"@type\":\"ReadAction\",\"target\":[\"https:\\\/\\\/eventoslpa.com\\\/lpa\\\/\"]}]},{\"@type\":\"ImageObject\",\"inLanguage\":\"en-GB\",\"@id\":\"https:\\\/\\\/eventoslpa.com\\\/lpa\\\/#primaryimage\",\"url\":\"https:\\\/\\\/eventoslpa.com\\\/wp-content\\\/uploads\\\/2025\\\/03\\\/Equipo-LPA-1.jpg\",\"contentUrl\":\"https:\\\/\\\/eventoslpa.com\\\/wp-content\\\/uploads\\\/2025\\\/03\\\/Equipo-LPA-1.jpg\"},{\"@type\":\"BreadcrumbList\",\"@id\":\"https:\\\/\\\/eventoslpa.com\\\/lpa\\\/#breadcrumb\",\"itemListElement\":[{\"@type\":\"ListItem\",\"position\":1,\"name\":\"Portada\",\"item\":\"https:\\\/\\\/eventoslpa.com\\\/\"},{\"@type\":\"ListItem\",\"position\":2,\"name\":\"lpa\"}]},{\"@type\":\"WebSite\",\"@id\":\"https:\\\/\\\/eventoslpa.com\\\/#website\",\"url\":\"https:\\\/\\\/eventoslpa.com\\\/\",\"name\":\"Eventos LP\u039b - Organizador de eventos en Canarias\",\"description\":\"Organizaci\u00f3n y gesti\u00f3n de Eventos Corporativos en las Islas Canarias\",\"publisher\":{\"@id\":\"https:\\\/\\\/eventoslpa.com\\\/#organization\"},\"alternateName\":\"Eventos LPA - Organizador de eventos en Canarias\",\"potentialAction\":[{\"@type\":\"SearchAction\",\"target\":{\"@type\":\"EntryPoint\",\"urlTemplate\":\"https:\\\/\\\/eventoslpa.com\\\/?s={search_term_string}\"},\"query-input\":{\"@type\":\"PropertyValueSpecification\",\"valueRequired\":true,\"valueName\":\"search_term_string\"}}],\"inLanguage\":\"en-GB\"},{\"@type\":\"Organization\",\"@id\":\"https:\\\/\\\/eventoslpa.com\\\/#organization\",\"name\":\"Eventos LPA SCP\",\"alternateName\":\"Eventos LPA SCP\",\"url\":\"https:\\\/\\\/eventoslpa.com\\\/\",\"logo\":{\"@type\":\"ImageObject\",\"inLanguage\":\"en-GB\",\"@id\":\"https:\\\/\\\/eventoslpa.com\\\/#\\\/schema\\\/logo\\\/image\\\/\",\"url\":\"https:\\\/\\\/eventoslpa.com\\\/wp-content\\\/uploads\\\/2023\\\/07\\\/cropped-logo_v2_-_blanco-fondo-trans.png\",\"contentUrl\":\"https:\\\/\\\/eventoslpa.com\\\/wp-content\\\/uploads\\\/2023\\\/07\\\/cropped-logo_v2_-_blanco-fondo-trans.png\",\"width\":512,\"height\":512,\"caption\":\"Eventos LPA SCP\"},\"image\":{\"@id\":\"https:\\\/\\\/eventoslpa.com\\\/#\\\/schema\\\/logo\\\/image\\\/\"},\"sameAs\":[\"https:\\\/\\\/www.facebook.com\\\/EventosLPA\",\"https:\\\/\\\/www.instagram.com\\\/eventoslpa\",\"https:\\\/\\\/www.linkedin.com\\\/company\\\/eventos-lp\u03bb\\\/?viewAsMember=true\"]}]}<\/script>\n<!-- \/ Yoast SEO plugin. -->","yoast_head_json":{"title":"lpa - Eventos LPA - Organizaci\u00f3n y gesti\u00f3n de Eventos en las Islas Canarias","description":"Eventos LP\u039b - Organizador de eventos en Canarias","robots":{"index":"index","follow":"follow","max-snippet":"max-snippet:-1","max-image-preview":"max-image-preview:large","max-video-preview":"max-video-preview:-1"},"canonical":"https:\/\/eventoslpa.com\/en\/lpa\/","og_locale":"en_GB","og_type":"article","og_title":"lpa - Eventos LPA - Organizaci\u00f3n y gesti\u00f3n de Eventos en las Islas Canarias","og_description":"Eventos LP\u039b - Organizador de eventos en Canarias","og_url":"https:\/\/eventoslpa.com\/en\/lpa\/","og_site_name":"Eventos LPA - Organizaci\u00f3n y gesti\u00f3n de Eventos en las Islas Canarias","article_publisher":"https:\/\/www.facebook.com\/EventosLPA","article_modified_time":"2025-03-19T13:26:04+00:00","og_image":[{"width":1200,"height":300,"url":"https:\/\/eventoslpa.com\/wp-content\/uploads\/2025\/03\/Equipo-LPA-1.jpg","type":"image\/jpeg"}],"twitter_card":"summary_large_image","twitter_misc":{"Estimated reading time":"3 minutes"},"schema":{"@context":"https:\/\/schema.org","@graph":[{"@type":"WebPage","@id":"https:\/\/eventoslpa.com\/lpa\/","url":"https:\/\/eventoslpa.com\/lpa\/","name":"lpa - Eventos LPA - Organizaci\u00f3n y gesti\u00f3n de Eventos en las Islas Canarias","isPartOf":{"@id":"https:\/\/eventoslpa.com\/#website"},"primaryImageOfPage":{"@id":"https:\/\/eventoslpa.com\/lpa\/#primaryimage"},"image":{"@id":"https:\/\/eventoslpa.com\/lpa\/#primaryimage"},"thumbnailUrl":"https:\/\/eventoslpa.com\/wp-content\/uploads\/2025\/03\/Equipo-LPA-1.jpg","datePublished":"2025-03-13T12:51:07+00:00","dateModified":"2025-03-19T13:26:04+00:00","description":"Eventos LP\u039b - Organizador de eventos en Canarias","breadcrumb":{"@id":"https:\/\/eventoslpa.com\/lpa\/#breadcrumb"},"inLanguage":"en-GB","potentialAction":[{"@type":"ReadAction","target":["https:\/\/eventoslpa.com\/lpa\/"]}]},{"@type":"ImageObject","inLanguage":"en-GB","@id":"https:\/\/eventoslpa.com\/lpa\/#primaryimage","url":"https:\/\/eventoslpa.com\/wp-content\/uploads\/2025\/03\/Equipo-LPA-1.jpg","contentUrl":"https:\/\/eventoslpa.com\/wp-content\/uploads\/2025\/03\/Equipo-LPA-1.jpg"},{"@type":"BreadcrumbList","@id":"https:\/\/eventoslpa.com\/lpa\/#breadcrumb","itemListElement":[{"@type":"ListItem","position":1,"name":"Portada","item":"https:\/\/eventoslpa.com\/"},{"@type":"ListItem","position":2,"name":"lpa"}]},{"@type":"WebSite","@id":"https:\/\/eventoslpa.com\/#website","url":"https:\/\/eventoslpa.com\/","name":"Eventos LP\u039b - Organizador de eventos en Canarias","description":"Organizaci\u00f3n y gesti\u00f3n de Eventos Corporativos en las Islas Canarias","publisher":{"@id":"https:\/\/eventoslpa.com\/#organization"},"alternateName":"Eventos LPA - Organizador de eventos en Canarias","potentialAction":[{"@type":"SearchAction","target":{"@type":"EntryPoint","urlTemplate":"https:\/\/eventoslpa.com\/?s={search_term_string}"},"query-input":{"@type":"PropertyValueSpecification","valueRequired":true,"valueName":"search_term_string"}}],"inLanguage":"en-GB"},{"@type":"Organization","@id":"https:\/\/eventoslpa.com\/#organization","name":"Eventos LPA SCP","alternateName":"Eventos LPA SCP","url":"https:\/\/eventoslpa.com\/","logo":{"@type":"ImageObject","inLanguage":"en-GB","@id":"https:\/\/eventoslpa.com\/#\/schema\/logo\/image\/","url":"https:\/\/eventoslpa.com\/wp-content\/uploads\/2023\/07\/cropped-logo_v2_-_blanco-fondo-trans.png","contentUrl":"https:\/\/eventoslpa.com\/wp-content\/uploads\/2023\/07\/cropped-logo_v2_-_blanco-fondo-trans.png","width":512,"height":512,"caption":"Eventos LPA SCP"},"image":{"@id":"https:\/\/eventoslpa.com\/#\/schema\/logo\/image\/"},"sameAs":["https:\/\/www.facebook.com\/EventosLPA","https:\/\/www.instagram.com\/eventoslpa","https:\/\/www.linkedin.com\/company\/eventos-lp\u03bb\/?viewAsMember=true"]}]}},"_links":{"self":[{"href":"https:\/\/eventoslpa.com\/en\/wp-json\/wp\/v2\/pages\/14","targetHints":{"allow":["GET"]}}],"collection":[{"href":"https:\/\/eventoslpa.com\/en\/wp-json\/wp\/v2\/pages"}],"about":[{"href":"https:\/\/eventoslpa.com\/en\/wp-json\/wp\/v2\/types\/page"}],"author":[{"embeddable":true,"href":"https:\/\/eventoslpa.com\/en\/wp-json\/wp\/v2\/users\/1"}],"replies":[{"embeddable":true,"href":"https:\/\/eventoslpa.com\/en\/wp-json\/wp\/v2\/comments?post=14"}],"version-history":[{"count":37,"href":"https:\/\/eventoslpa.com\/en\/wp-json\/wp\/v2\/pages\/14\/revisions"}],"predecessor-version":[{"id":2527,"href":"https:\/\/eventoslpa.com\/en\/wp-json\/wp\/v2\/pages\/14\/revisions\/2527"}],"wp:attachment":[{"href":"https:\/\/eventoslpa.com\/en\/wp-json\/wp\/v2\/media?parent=14"}],"curies":[{"name":"wp","href":"https:\/\/api.w.org\/{rel}","templated":true}]}}