{"id":3,"date":"2023-07-11T08:32:06","date_gmt":"2023-07-11T08:32:06","guid":{"rendered":"http:\/\/eventoslpa.com\/?page_id=3"},"modified":"2025-03-13T16:04:07","modified_gmt":"2025-03-13T16:04:07","slug":"politicaprivacidad","status":"publish","type":"page","link":"https:\/\/eventoslpa.com\/en\/politicaprivacidad\/","title":{"rendered":"Pol\u00edtica de Privacidad"},"content":{"rendered":"<p><strong>POL\u00cdTICA DE PRIVACIDAD Y PROTECCI\u00d3N DE DATOS<\/strong><\/p>\n\n\n\n<p><strong>1.- Informaci\u00f3n sobre el responsable del tratamiento de los datos personales:<\/strong><\/p>\n\n\n\n<p>El responsable del tratamiento de los datos recabados a trav\u00e9s del sitio web <a href=\"https:\/\/omarsantanaconsulting.com\/\">https:\/\/eventoslpa.com\/<\/a>, (en adelante, la \u201cWeb\u201d o el \u201cSitio Web\u201d) es Eventos LPA SCP, NIF: J56505993, con domicilio social en Plaza del Hierro, s\/n &#8211; 35100 &#8211; Las Palmas (Espa\u00f1a).<\/p>\n\n\n\n<p>Puedes ponerte en contacto con Eventos LP\u039b, para cualquier aspecto relacionado con esta pol\u00edtica de privacidad, en la direcci\u00f3n de correo electr\u00f3nico: <a href=\"mailto:info@omarsantanaconsulting.com\"><\/a><a href=\"mailto:consultoriaeventoslpa@gmail.com\">consultoria@eventoslpa.com<\/a><\/p>\n\n\n\n<p><strong>2.- Finalidad del tratamiento de los datos personales:<\/strong><\/p>\n\n\n\n<p><strong>2.1. \u00bfCon qu\u00e9 finalidad trataremos tus datos personales?<\/strong><\/p>\n\n\n\n<p>En <a href=\"https:\/\/omarsantanaconsulting.com\/\">https:\/\/eventoslpa.com\/<\/a> tratar\u00e9 tus datos personales, recabados a trav\u00e9s del Sitio Web con las siguientes finalidades:<\/p>\n\n\n\n<ol class=\"wp-block-list\" style=\"list-style-type:lower-alpha\">\n<li>En caso de contrataci\u00f3n de servicios ofertados a trav\u00e9s del Sitio Web, para mantener la relaci\u00f3n contractual, as\u00ed como la gesti\u00f3n, administraci\u00f3n, informaci\u00f3n, prestaci\u00f3n y mejora del servicio.<\/li>\n\n\n\n<li>Env\u00edo de informaci\u00f3n solicitada a trav\u00e9s de los formularios dispuestos en el Sitio Web.<\/li>\n\n\n\n<li>Remitir boletines informativos (newsletters), as\u00ed como comunicaciones comerciales de promociones y\/o publicidad del Sitio Web.<\/li>\n\n\n\n<li>Gestionar la lista de suscriptores y usuarios adscritos a los diferentes contenidos de pago.<\/li>\n\n\n\n<li>Suministro de contenidos en la web<\/li>\n\n\n\n<li>Dirigir su red de afiliados y comerciantes, as\u00ed como la gesti\u00f3n de pagos de los mismos.<\/li>\n<\/ol>\n\n\n\n<p>Te recordamos que puedes oponerte al env\u00edo de comunicaciones comerciales por cualquier v\u00eda y en cualquier momento, remitiendo un correo electr\u00f3nico a la direcci\u00f3n de correo electr\u00f3nico indicada anteriormente.<\/p>\n\n\n\n<p>Los campos de dichos registros son de cumplimentaci\u00f3n obligatoria, siendo imposible realizar las finalidades expresadas si no se aportan esos datos.<\/p>\n\n\n\n<p><strong>2.2. \u00bfPor cu\u00e1nto tiempo se conservan los datos personales recabados?<\/strong><\/p>\n\n\n\n<p>Los datos personales proporcionados se conservar\u00e1n mientras se mantenga la relaci\u00f3n comercial o no solicites su supresi\u00f3n y durante el plazo por el cu\u00e1l pudieran derivarse responsabilidades legales por los servicios prestados.<\/p>\n\n\n\n<p><strong>3.- Legitimaci\u00f3n:<\/strong><\/p>\n\n\n\n<p>El tratamiento de tus datos se realiza con las siguientes bases jur\u00eddicas que legitiman el mismo:<\/p>\n\n\n\n<ol class=\"wp-block-list\" style=\"list-style-type:lower-alpha\">\n<li>La solicitud de informaci\u00f3n y\/o la contrataci\u00f3n de los servicios de <a href=\"https:\/\/omarsantanaconsulting.com\/\">https:\/\/eventoslpa.com\/<\/a>, cuyos t\u00e9rminos y condiciones se pondr\u00e1n a tu disposici\u00f3n en todo caso, de forma previa a una eventual contrataci\u00f3n.<\/li>\n\n\n\n<li>El consentimiento libre, espec\u00edfico, informado e inequ\u00edvoco, en tanto que te informamos poniendo a tu disposici\u00f3n la presente pol\u00edtica de privacidad que, tras la lectura de la misma, en caso de estar conforme, puedes aceptar mediante una declaraci\u00f3n o una clara acci\u00f3n afirmativa, como el marcado de una casilla dispuesta al efecto.<\/li>\n<\/ol>\n\n\n\n<p>En caso de que no nos facilites tus datos o los hagas de forma err\u00f3nea o incompleta, no podremos atender tu solicitud, resultando del todo imposible proporcionarte la informaci\u00f3n solicitada o llevar a cabo la contrataci\u00f3n de los servicios.<\/p>\n\n\n\n<p><strong>4.- Destinatarios:<\/strong><\/p>\n\n\n\n<p>Los datos no se comunicar\u00e1n a ning\u00fan tercero ajeno a <a><\/a><a href=\"https:\/\/omarsantanaconsulting.com\/\">https:\/\/eventoslpa.com\/<\/a>, salvo obligaci\u00f3n legal.<\/p>\n\n\n\n<p>Como encargado de tratamiento, tengo contratados los siguientes proveedores de servicios, que se han comprometido al cumplimiento de las disposiciones normativas de aplicaci\u00f3n en materia de protecci\u00f3n de datos, en el momento de su contrataci\u00f3n:<\/p>\n\n\n\n<ul class=\"wp-block-list\">\n<li>1&amp;1 IONOS Espa\u00f1a S.L.U (identificado con la marca comercial IONOS), con domicilio social en Avenida de la Vega, 1 Edificio Veganova 3 Planta 5 Puerta C de Alcobendas, CP 28108, Madrid, con CIF B-85049435, que proporciona los servicios de alojamiento web (hosting). Se puede consultar la pol\u00edtica de privacidad y dem\u00e1s aspectos legales de dicha compa\u00f1\u00eda en el siguiente enlace: <a href=\"https:\/\/www.ionos.es\/terms-gtc\/terms-privacy\">https:\/\/www.ionos.es\/terms-gtc\/terms-privacy<\/a><\/li>\n\n\n\n<li>Los servicios de suscripci\u00f3n por correo electr\u00f3nico y env\u00edo de newsletters a la compa\u00f1\u00eda WPForms LLC (Identificada por la marca comercial \u201cWPForms\u201d) pudi\u00e9ndose consultar su pol\u00edtica de privacidad en <a href=\"https:\/\/wpforms.com\/privacy-policy\/ \">https:\/\/wpforms.com\/privacy-policy\/ <\/a><\/li>\n<\/ul>\n\n\n\n<p><strong>5.- Sistemas de captura de datos personales que recoge esta web:<\/strong><\/p>\n\n\n\n<p>Esta web utiliza diferentes sistemas de captura de informaci\u00f3n personal requiriendo el consentimiento previo de los usuarios para tratar sus datos personales con los fines indicados.<\/p>\n\n\n\n<p>El usuario tiene derecho a revocar su consentimiento previo en cualquier momento.<\/p>\n\n\n\n<p>Sistemas de captura de informaci\u00f3n personal que utiliza el SITIO WEB:<\/p>\n\n\n\n<ol class=\"wp-block-list\" style=\"list-style-type:1\">\n<li><strong>Formularios de suscripci\u00f3n a contenidos:<\/strong> dentro de la web existen varios formularios para activar la suscripci\u00f3n. La Newsletter est\u00e1 gestionada por WPForms para la realizaci\u00f3n de campa\u00f1as de marketing por correo electr\u00f3nico, gesti\u00f3n de suscripciones y env\u00edo de boletines,&nbsp; WPForms tienen sus servidores alojados en EEUU y por tanto tus datos personales ser\u00e1n transferidos internacionalmente a EEUU. Al realizar una suscripci\u00f3n, aceptas y consientes que tus datos sean almacenados por estas plataformas, con sede en Estados Unidos, a fin de gestionar el env\u00edo de los boletines correspondientes. Ambas est\u00e1n adheridas al acuerdo Privacy Shield.<\/li>\n\n\n\n<li><strong>Formulario de contacto:<\/strong> Existe un formulario de contacto para consultas, sugerencias o contacto profesional. En este caso se utilizar\u00e1 la direcci\u00f3n de correo electr\u00f3nico para responder a las mismas y enviar la informaci\u00f3n que el usuario requiera a trav\u00e9s de la web.<\/li>\n\n\n\n<li><strong>Cookies:<\/strong> Cuando el usuario se registra o navega en esta web, se almacenan \u00abcookies\u00bb, El usuario puede consultar en cualquier momento la pol\u00edtica de cookies para ampliar informaci\u00f3n sobre el uso de cookies y como desactivarlas.<\/li>\n\n\n\n<li><strong>Baja de usuarios:<\/strong> Los usuarios podr\u00e1n darse de baja en cualquier momento de los servicios prestados por el SITIO WEB seg\u00fan se indica en el apartado 6 de esta p\u00e1gina y en nuestro<a href=\"https:\/\/eventoslpa.com\/en\/aviso-legal\/\"> Aviso Legal<\/a>.<\/li>\n\n\n\n<li><strong>Sistemas de rastreo utilizadas en este sitio: <\/strong>Google (Analytics) En el SITIO WEB tambi\u00e9n se estudian las preferencias de sus usuarios, sus caracter\u00edsticas demogr\u00e1ficas, sus patrones de tr\u00e1fico, y otra informaci\u00f3n en conjunto para comprender mejor qui\u00e9nes constituyen su audiencia y qu\u00e9 es lo que esta necesita. El rastreo de las preferencias de nuestros usuarios tambi\u00e9n nos ayuda a mostrarle los avisos publicitarios m\u00e1s relevantes.<\/li>\n<\/ol>\n\n\n\n<p>Asimismo, me gustar\u00eda informarte que para la captaci\u00f3n de suscriptores y clientes utilizo Facebook Ads por lo que, al generar un anuncio, se puede segmentar el p\u00fablico por el lugar, datos demogr\u00e1ficos, intereses, etc. por lo que los datos obtenidos por esta plataforma estar\u00edan sujetos a esta pol\u00edtica de privacidad desde el momento en que el usuario deja sus datos para unirse al bolet\u00edn de mi comunidad.<\/p>\n\n\n\n<p>No voy a compartir, vender, alquilar tu informaci\u00f3n personal con otras partes. Puedo compartir cierta informaci\u00f3n con los proveedores de servicios de terceros autorizados necesarios para prestarte algunos servicios.<\/p>\n\n\n\n<p>Los datos personales facilitados a trav\u00e9s de los formularios del Sitio Web, son tratados para la prestaci\u00f3n de los servicios de <a href=\"https:\/\/omarsantanaconsulting.com\">https:\/\/eventoslpa.com<\/a> , as\u00ed como para el env\u00edo de comunicaciones comerciales o informativas mediante el uso de la herramienta que dicha compa\u00f1\u00eda facilita, lo que conlleva que los datos introducidos son transferidos a los servidores de la citada compa\u00f1\u00eda, suponiendo una transferencia internacional de datos a los Estados Unidos, que el usuario consiente de manera expresa con la aceptaci\u00f3n de la presente pol\u00edtica de privacidad.<\/p>\n\n\n\n<p><strong>6.- Derechos:<\/strong><\/p>\n\n\n\n<p>Como interesado que me has proporcionado tus datos personales, tienes pleno derecho a obtener confirmaci\u00f3n sobre si en <a href=\"https:\/\/omarsantanaconsulting.com\/\">https:\/\/eventoslpa.com\/<\/a> estoy tratando tus datos personales, y en concreto est\u00e1s facultado para ejercitar los siguientes derechos que la normativa en materia de protecci\u00f3n de datos te reconoce, conforme a lo previsto en la misma:<\/p>\n\n\n\n<ul class=\"wp-block-list\">\n<li>Derecho de ACCESO a tus datos personales<\/li>\n\n\n\n<li>Derechos de solicitar la RECTIFICACI\u00d3N de los datos inexactos<\/li>\n\n\n\n<li>Derecho de solicitar su SUPRESI\u00d3N cuando, entre otros motivos, los datos ya no sean necesarios para los fines que fueron recogidos.<\/li>\n\n\n\n<li>En determinadas circunstancias, podr\u00e1s solicitar la LIMITACI\u00d3N DEL TRATAMIENTO de tus datos, en cuyo caso \u00fanicamente los conservaremos para el ejercicio o la defensa de reclamaciones.<\/li>\n\n\n\n<li>En determinadas circunstancias y por motivos relacionados con su situaci\u00f3n particular, los interesados podr\u00e1n ejercitar su derecho de OPOSICI\u00d3N al tratamiento de sus datos. Dejaremos de tratar los datos, salvo por motivos leg\u00edtimos imperiosos, o el ejercicio o la defensa de posibles reclamaciones.<\/li>\n\n\n\n<li>En determinadas circunstancias y por motivos relacionados con tu situaci\u00f3n particular, podr\u00e1s solicitar su derecho a la PORTABILIDAD de los datos.<\/li>\n<\/ul>\n\n\n\n<p>Podr\u00e1s ejercer tales derechos dirigiendo una comunicaci\u00f3n a la direcci\u00f3n postal y\/o de correo electr\u00f3nico que se hace constar en el apartado \u201c1. Informaci\u00f3n sobre el responsable del tratamiento de los datos personales.\u201d<\/p>\n\n\n\n<p><a>Adem\u00e1s, en caso de que se haya vulnerado cualquiera de tus derechos, el interesado tiene derecho a presentar una reclamaci\u00f3n ante la Agencia Espa\u00f1ola de Protecci\u00f3n de Datos (AEPD), en C\/ Jorge Juan, 6, 28001-Madrid o a trav\u00e9s de la sede electr\u00f3nica de la AEPD: <\/a><a href=\"https:\/\/sedeagpd.gob.es\/sede-electronica-web\/%20%20%20\">https:\/\/sedeagpd.gob.es\/sede-electronica-web\/&nbsp; <\/a>&nbsp;<\/p>\n\n\n\n<p>En relaci\u00f3n con la gesti\u00f3n de tus datos asociados a los perfiles sociales de Eventos LPA, el ejercicio del derecho de acceso depender\u00e1 de la funcionalidad de la red social y las posibilidades de acceso a la informaci\u00f3n de los perfiles de los usuarios. Con relaci\u00f3n a los derechos de acceso y rectificaci\u00f3n, le recomendamos que solo podr\u00e1 satisfacerse en relaci\u00f3n a aquella informaci\u00f3n que se encuentre bajo el control de Eventos LPA.<\/p>\n\n\n\n<p>Adem\u00e1s, podr\u00e1s dejar de interactuar, seguir o recibir informaci\u00f3n de los perfiles sociales de Eventos LPA, eliminar los contenidos que dejen de interesarte o restringir con quien comparte sus conexiones, mediante los mecanismos estipulados en las diferentes redes sociales.<\/p>\n\n\n\n<p>El usuario podr\u00e1 acceder a las <strong>pol\u00edticas de privacidad<\/strong> de cada Red Social, as\u00ed como configurar su perfil para garantizar su privacidad. Eventos LPA anima a los usuarios a familiarizarse con las condiciones de uso de las distintas redes sociales antes de comenzar a usarlas.<\/p>\n\n\n\n<p>Facebook: <a href=\"https:\/\/www.facebook.com\/help\/323540651073243\/\">https:\/\/www.facebook.com\/help\/323540651073243\/<\/a><\/p>\n\n\n\n<p>Twitter: <a href=\"https:\/\/twitter.com\/privacy\">https:\/\/twitter.com\/privacy<\/a><\/p>\n\n\n\n<p>Google Plus: <a href=\"https:\/\/www.google.com\/policies\/privacy\/?hl=es\">https:\/\/www.google.com\/policies\/privacy\/?hl=es<\/a><\/p>\n\n\n\n<p>Instagram: <a href=\"https:\/\/help.instagram.com\/155833707900388\">https:\/\/help.instagram.com\/155833707900388<\/a><\/p>\n\n\n\n<p>YouTube: <a href=\"https:\/\/www.google.es\/intl\/es\/policies\/privacy\/\">https:\/\/www.google.es\/intl\/es\/policies\/privacy\/<\/a><\/p>\n\n\n\n<p>Linkedin: <a href=\"https:\/\/www.linkedin.com\/legal\/privacy-policy\">https:\/\/www.linkedin.com\/legal\/privacy-policy<\/a><\/p>\n\n\n\n<p><strong>7.- Aceptaci\u00f3n y consentimiento<\/strong><\/p>\n\n\n\n<p>El Usuario declara haber sido informado de las condiciones sobre protecci\u00f3n de datos de car\u00e1cter personal, aceptando y consintiendo el tratamiento de los mismos por parte de Eventos LPA en la forma y para las finalidades indicadas en el aviso legal.<\/p>","protected":false},"excerpt":{"rendered":"<p>POL\u00cdTICA DE PRIVACIDAD Y PROTECCI\u00d3N DE DATOS 1.- Informaci\u00f3n sobre el responsable del tratamiento de los datos personales: El responsable del tratamiento de los datos recabados a trav\u00e9s del sitio web https:\/\/eventoslpa.com\/, (en adelante, la \u201cWeb\u201d o el \u201cSitio Web\u201d) es Eventos LPA SCP, NIF: J56505993, con domicilio social en Plaza del Hierro, s\/n &#8211; [&hellip;]<\/p>\n","protected":false},"author":1,"featured_media":0,"parent":0,"menu_order":0,"comment_status":"closed","ping_status":"closed","template":"","meta":{"site-sidebar-layout":"default","site-content-layout":"","ast-site-content-layout":"default","site-content-style":"default","site-sidebar-style":"default","ast-global-header-display":"","ast-banner-title-visibility":"","ast-main-header-display":"","ast-hfb-above-header-display":"","ast-hfb-below-header-display":"","ast-hfb-mobile-header-display":"","site-post-title":"","ast-breadcrumbs-content":"","ast-featured-img":"","footer-sml-layout":"","theme-transparent-header-meta":"","adv-header-id-meta":"","stick-header-meta":"","header-above-stick-meta":"","header-main-stick-meta":"","header-below-stick-meta":"","astra-migrate-meta-layouts":"set","ast-page-background-enabled":"default","ast-page-background-meta":{"desktop":{"background-color":"var(--ast-global-color-4)","background-image":"","background-repeat":"repeat","background-position":"center center","background-size":"auto","background-attachment":"scroll","background-type":"","background-media":"","overlay-type":"","overlay-color":"","overlay-opacity":"","overlay-gradient":""},"tablet":{"background-color":"","background-image":"","background-repeat":"repeat","background-position":"center center","background-size":"auto","background-attachment":"scroll","background-type":"","background-media":"","overlay-type":"","overlay-color":"","overlay-opacity":"","overlay-gradient":""},"mobile":{"background-color":"","background-image":"","background-repeat":"repeat","background-position":"center center","background-size":"auto","background-attachment":"scroll","background-type":"","background-media":"","overlay-type":"","overlay-color":"","overlay-opacity":"","overlay-gradient":""}},"ast-content-background-meta":{"desktop":{"background-color":"var(--ast-global-color-5)","background-image":"","background-repeat":"repeat","background-position":"center center","background-size":"auto","background-attachment":"scroll","background-type":"","background-media":"","overlay-type":"","overlay-color":"","overlay-opacity":"","overlay-gradient":""},"tablet":{"background-color":"var(--ast-global-color-5)","background-image":"","background-repeat":"repeat","background-position":"center center","background-size":"auto","background-attachment":"scroll","background-type":"","background-media":"","overlay-type":"","overlay-color":"","overlay-opacity":"","overlay-gradient":""},"mobile":{"background-color":"var(--ast-global-color-5)","background-image":"","background-repeat":"repeat","background-position":"center center","background-size":"auto","background-attachment":"scroll","background-type":"","background-media":"","overlay-type":"","overlay-color":"","overlay-opacity":"","overlay-gradient":""}},"_joinchat":[],"footnotes":""},"class_list":["post-3","page","type-page","status-publish","hentry"],"yoast_head":"<!-- This site is optimized with the Yoast SEO plugin v27.4 - https:\/\/yoast.com\/product\/yoast-seo-wordpress\/ -->\n<title>Pol\u00edtica de Privacidad - Eventos LPA - Organizaci\u00f3n y gesti\u00f3n de Eventos en las Islas Canarias<\/title>\n<meta name=\"description\" content=\"Eventos LP\u039b - Organizador de eventos en Canarias\" \/>\n<meta name=\"robots\" content=\"index, follow, max-snippet:-1, max-image-preview:large, max-video-preview:-1\" \/>\n<link rel=\"canonical\" href=\"https:\/\/eventoslpa.com\/en\/politicaprivacidad\/\" \/>\n<meta property=\"og:locale\" content=\"en_GB\" \/>\n<meta property=\"og:type\" content=\"article\" \/>\n<meta property=\"og:title\" content=\"Pol\u00edtica de Privacidad - Eventos LPA - Organizaci\u00f3n y gesti\u00f3n de Eventos en las Islas Canarias\" \/>\n<meta property=\"og:description\" content=\"Eventos LP\u039b - Organizador de eventos en Canarias\" \/>\n<meta property=\"og:url\" content=\"https:\/\/eventoslpa.com\/en\/politicaprivacidad\/\" \/>\n<meta property=\"og:site_name\" content=\"Eventos LPA - Organizaci\u00f3n y gesti\u00f3n de Eventos en las Islas Canarias\" \/>\n<meta property=\"article:publisher\" content=\"https:\/\/www.facebook.com\/EventosLPA\" \/>\n<meta property=\"article:modified_time\" content=\"2025-03-13T16:04:07+00:00\" \/>\n<meta property=\"og:image\" content=\"https:\/\/eventoslpa.com\/wp-content\/uploads\/2023\/07\/Logo-azul-lpa.png\" \/>\n\t<meta property=\"og:image:width\" content=\"295\" \/>\n\t<meta property=\"og:image:height\" content=\"293\" \/>\n\t<meta property=\"og:image:type\" content=\"image\/png\" \/>\n<meta name=\"twitter:card\" content=\"summary_large_image\" \/>\n<meta name=\"twitter:label1\" content=\"Estimated reading time\" \/>\n\t<meta name=\"twitter:data1\" content=\"9 minutes\" \/>\n<script type=\"application\/ld+json\" class=\"yoast-schema-graph\">{\"@context\":\"https:\\\/\\\/schema.org\",\"@graph\":[{\"@type\":\"WebPage\",\"@id\":\"https:\\\/\\\/eventoslpa.com\\\/politicaprivacidad\\\/\",\"url\":\"https:\\\/\\\/eventoslpa.com\\\/politicaprivacidad\\\/\",\"name\":\"Pol\u00edtica de Privacidad - Eventos LPA - Organizaci\u00f3n y gesti\u00f3n de Eventos en las Islas Canarias\",\"isPartOf\":{\"@id\":\"https:\\\/\\\/eventoslpa.com\\\/#website\"},\"datePublished\":\"2023-07-11T08:32:06+00:00\",\"dateModified\":\"2025-03-13T16:04:07+00:00\",\"description\":\"Eventos LP\u039b - Organizador de eventos en Canarias\",\"breadcrumb\":{\"@id\":\"https:\\\/\\\/eventoslpa.com\\\/politicaprivacidad\\\/#breadcrumb\"},\"inLanguage\":\"en-GB\",\"potentialAction\":[{\"@type\":\"ReadAction\",\"target\":[\"https:\\\/\\\/eventoslpa.com\\\/politicaprivacidad\\\/\"]}]},{\"@type\":\"BreadcrumbList\",\"@id\":\"https:\\\/\\\/eventoslpa.com\\\/politicaprivacidad\\\/#breadcrumb\",\"itemListElement\":[{\"@type\":\"ListItem\",\"position\":1,\"name\":\"Portada\",\"item\":\"https:\\\/\\\/eventoslpa.com\\\/\"},{\"@type\":\"ListItem\",\"position\":2,\"name\":\"Pol\u00edtica de Privacidad\"}]},{\"@type\":\"WebSite\",\"@id\":\"https:\\\/\\\/eventoslpa.com\\\/#website\",\"url\":\"https:\\\/\\\/eventoslpa.com\\\/\",\"name\":\"Eventos LP\u039b - Organizador de eventos en Canarias\",\"description\":\"Organizaci\u00f3n y gesti\u00f3n de Eventos Corporativos en las Islas Canarias\",\"publisher\":{\"@id\":\"https:\\\/\\\/eventoslpa.com\\\/#organization\"},\"alternateName\":\"Eventos LPA - Organizador de eventos en Canarias\",\"potentialAction\":[{\"@type\":\"SearchAction\",\"target\":{\"@type\":\"EntryPoint\",\"urlTemplate\":\"https:\\\/\\\/eventoslpa.com\\\/?s={search_term_string}\"},\"query-input\":{\"@type\":\"PropertyValueSpecification\",\"valueRequired\":true,\"valueName\":\"search_term_string\"}}],\"inLanguage\":\"en-GB\"},{\"@type\":\"Organization\",\"@id\":\"https:\\\/\\\/eventoslpa.com\\\/#organization\",\"name\":\"Eventos LPA SCP\",\"alternateName\":\"Eventos LPA SCP\",\"url\":\"https:\\\/\\\/eventoslpa.com\\\/\",\"logo\":{\"@type\":\"ImageObject\",\"inLanguage\":\"en-GB\",\"@id\":\"https:\\\/\\\/eventoslpa.com\\\/#\\\/schema\\\/logo\\\/image\\\/\",\"url\":\"https:\\\/\\\/eventoslpa.com\\\/wp-content\\\/uploads\\\/2023\\\/07\\\/cropped-logo_v2_-_blanco-fondo-trans.png\",\"contentUrl\":\"https:\\\/\\\/eventoslpa.com\\\/wp-content\\\/uploads\\\/2023\\\/07\\\/cropped-logo_v2_-_blanco-fondo-trans.png\",\"width\":512,\"height\":512,\"caption\":\"Eventos LPA SCP\"},\"image\":{\"@id\":\"https:\\\/\\\/eventoslpa.com\\\/#\\\/schema\\\/logo\\\/image\\\/\"},\"sameAs\":[\"https:\\\/\\\/www.facebook.com\\\/EventosLPA\",\"https:\\\/\\\/www.instagram.com\\\/eventoslpa\",\"https:\\\/\\\/www.linkedin.com\\\/company\\\/eventos-lp\u03bb\\\/?viewAsMember=true\"]}]}<\/script>\n<!-- \/ Yoast SEO plugin. -->","yoast_head_json":{"title":"Pol\u00edtica de Privacidad - Eventos LPA - Organizaci\u00f3n y gesti\u00f3n de Eventos en las Islas Canarias","description":"Eventos LP\u039b - Organizador de eventos en Canarias","robots":{"index":"index","follow":"follow","max-snippet":"max-snippet:-1","max-image-preview":"max-image-preview:large","max-video-preview":"max-video-preview:-1"},"canonical":"https:\/\/eventoslpa.com\/en\/politicaprivacidad\/","og_locale":"en_GB","og_type":"article","og_title":"Pol\u00edtica de Privacidad - Eventos LPA - Organizaci\u00f3n y gesti\u00f3n de Eventos en las Islas Canarias","og_description":"Eventos LP\u039b - Organizador de eventos en Canarias","og_url":"https:\/\/eventoslpa.com\/en\/politicaprivacidad\/","og_site_name":"Eventos LPA - Organizaci\u00f3n y gesti\u00f3n de Eventos en las Islas Canarias","article_publisher":"https:\/\/www.facebook.com\/EventosLPA","article_modified_time":"2025-03-13T16:04:07+00:00","og_image":[{"width":295,"height":293,"url":"https:\/\/eventoslpa.com\/wp-content\/uploads\/2023\/07\/Logo-azul-lpa.png","type":"image\/png"}],"twitter_card":"summary_large_image","twitter_misc":{"Estimated reading time":"9 minutes"},"schema":{"@context":"https:\/\/schema.org","@graph":[{"@type":"WebPage","@id":"https:\/\/eventoslpa.com\/politicaprivacidad\/","url":"https:\/\/eventoslpa.com\/politicaprivacidad\/","name":"Pol\u00edtica de Privacidad - Eventos LPA - Organizaci\u00f3n y gesti\u00f3n de Eventos en las Islas Canarias","isPartOf":{"@id":"https:\/\/eventoslpa.com\/#website"},"datePublished":"2023-07-11T08:32:06+00:00","dateModified":"2025-03-13T16:04:07+00:00","description":"Eventos LP\u039b - Organizador de eventos en Canarias","breadcrumb":{"@id":"https:\/\/eventoslpa.com\/politicaprivacidad\/#breadcrumb"},"inLanguage":"en-GB","potentialAction":[{"@type":"ReadAction","target":["https:\/\/eventoslpa.com\/politicaprivacidad\/"]}]},{"@type":"BreadcrumbList","@id":"https:\/\/eventoslpa.com\/politicaprivacidad\/#breadcrumb","itemListElement":[{"@type":"ListItem","position":1,"name":"Portada","item":"https:\/\/eventoslpa.com\/"},{"@type":"ListItem","position":2,"name":"Pol\u00edtica de Privacidad"}]},{"@type":"WebSite","@id":"https:\/\/eventoslpa.com\/#website","url":"https:\/\/eventoslpa.com\/","name":"Eventos LP\u039b - Organizador de eventos en Canarias","description":"Organizaci\u00f3n y gesti\u00f3n de Eventos Corporativos en las Islas Canarias","publisher":{"@id":"https:\/\/eventoslpa.com\/#organization"},"alternateName":"Eventos LPA - Organizador de eventos en Canarias","potentialAction":[{"@type":"SearchAction","target":{"@type":"EntryPoint","urlTemplate":"https:\/\/eventoslpa.com\/?s={search_term_string}"},"query-input":{"@type":"PropertyValueSpecification","valueRequired":true,"valueName":"search_term_string"}}],"inLanguage":"en-GB"},{"@type":"Organization","@id":"https:\/\/eventoslpa.com\/#organization","name":"Eventos LPA SCP","alternateName":"Eventos LPA SCP","url":"https:\/\/eventoslpa.com\/","logo":{"@type":"ImageObject","inLanguage":"en-GB","@id":"https:\/\/eventoslpa.com\/#\/schema\/logo\/image\/","url":"https:\/\/eventoslpa.com\/wp-content\/uploads\/2023\/07\/cropped-logo_v2_-_blanco-fondo-trans.png","contentUrl":"https:\/\/eventoslpa.com\/wp-content\/uploads\/2023\/07\/cropped-logo_v2_-_blanco-fondo-trans.png","width":512,"height":512,"caption":"Eventos LPA SCP"},"image":{"@id":"https:\/\/eventoslpa.com\/#\/schema\/logo\/image\/"},"sameAs":["https:\/\/www.facebook.com\/EventosLPA","https:\/\/www.instagram.com\/eventoslpa","https:\/\/www.linkedin.com\/company\/eventos-lp\u03bb\/?viewAsMember=true"]}]}},"_links":{"self":[{"href":"https:\/\/eventoslpa.com\/en\/wp-json\/wp\/v2\/pages\/3","targetHints":{"allow":["GET"]}}],"collection":[{"href":"https:\/\/eventoslpa.com\/en\/wp-json\/wp\/v2\/pages"}],"about":[{"href":"https:\/\/eventoslpa.com\/en\/wp-json\/wp\/v2\/types\/page"}],"author":[{"embeddable":true,"href":"https:\/\/eventoslpa.com\/en\/wp-json\/wp\/v2\/users\/1"}],"replies":[{"embeddable":true,"href":"https:\/\/eventoslpa.com\/en\/wp-json\/wp\/v2\/comments?post=3"}],"version-history":[{"count":6,"href":"https:\/\/eventoslpa.com\/en\/wp-json\/wp\/v2\/pages\/3\/revisions"}],"predecessor-version":[{"id":2035,"href":"https:\/\/eventoslpa.com\/en\/wp-json\/wp\/v2\/pages\/3\/revisions\/2035"}],"wp:attachment":[{"href":"https:\/\/eventoslpa.com\/en\/wp-json\/wp\/v2\/media?parent=3"}],"curies":[{"name":"wp","href":"https:\/\/api.w.org\/{rel}","templated":true}]}}