{"id":343,"date":"2023-07-17T12:23:40","date_gmt":"2023-07-17T12:23:40","guid":{"rendered":"https:\/\/eventoslpa.com\/?page_id=343"},"modified":"2023-11-29T12:26:33","modified_gmt":"2023-11-29T12:26:33","slug":"politica-de-cookies","status":"publish","type":"page","link":"https:\/\/eventoslpa.com\/en\/politica-de-cookies\/","title":{"rendered":"Pol\u00edtica de Cookies"},"content":{"rendered":"<p>Bienvenido a la web de Eventos LPA<\/p>\n\n\n\n<p>&nbsp;Informaci\u00f3n general:<\/p>\n\n\n\n<p><strong>1.1. Datos del titular del sitio web:<\/strong><\/p>\n\n\n\n<p>El titular del sitio web <a href=\"https:\/\/eventoslpa.com\/en\/\">https:\/\/eventoslpa.com\/<\/a> as\u00ed como de todos los subdominios y directorios incluidos en las mismas (en adelante, conjuntamente denominados como la \u201cWeb\u201d o el \u201cSitio Web\u201d) es Eventos LPA SCP, NIF: J56505993, con domicilio social en Plaza del Hierro, s\/n &#8211; 35100 &#8211; Las Palmas (Espa\u00f1a).<\/p>\n\n\n\n<p>Puedes ponerte en contacto con Eventos LPA para cualquier aspecto relacionado con esta pol\u00edtica de cookies en la direcci\u00f3n de correo electr\u00f3nico: <a href=\"mailto:info@omarsantanaconsulting.com\"><\/a><a href=\"mailto:consultoriaeventoslpa@gmail.com\">consultoria@eventoslpa.com<\/a><\/p>\n\n\n\n<p><strong>1.2. \u00bfQu\u00e9 son las cookies?:<\/strong><\/p>\n\n\n\n<p>Una cookie es un dispositivo que el servidor del Sitio Web de Eventos LPA env\u00eda al navegador del terminal (ordenador, smartphone, tablet, etc.) desde el que te conectas, con la finalidad de almacenar informaci\u00f3n sobre la navegaci\u00f3n que se efect\u00faa desde dicho equipo, que podr\u00e1, en su caso, ser recuperada con posterioridad.<\/p>\n\n\n\n<p>En este link se puede acceder a la gu\u00eda de cookies editada por la Agencia Espa\u00f1ola de Protecci\u00f3n de Datos.<\/p>\n\n\n\n<p><a href=\"http:\/\/www.agpd.es\/portalwebAGPD\/canaldocumentacion\/publicaciones\/common\/Guias\/Guia_Cookies.pdf\">http:\/\/www.agpd.es\/portalwebAGPD\/canaldocumentacion\/publicaciones\/common\/Guias\/Guia_Cookies.pdf<\/a><\/p>\n\n\n\n<p><strong>2. \u00bfQu\u00e9 cookies utilizamos en Eventos LPA?<\/strong><\/p>\n\n\n\n<ol class=\"wp-block-list\" style=\"list-style-type:lower-alpha\">\n<li><strong>Cookies propias (enviadas al navegador del usuario desde el Sitio Web):<\/strong><\/li>\n<\/ol>\n\n\n\n<p><strong>Cookies de sesi\u00f3n:<\/strong> Necesarias para el correcto uso de la p\u00e1gina web, la navegaci\u00f3n de forma ininterrumpida recordando opciones de idioma o pa\u00eds. Se utilizan para identificar la misma sesi\u00f3n temporal de un usuario o sesi\u00f3n de navegaci\u00f3n, midiendo as\u00ed, por ejemplo, la frecuencia.<\/p>\n\n\n\n<p><strong>Cookies T\u00e9cnicas:<\/strong> Almacenan informaci\u00f3n gen\u00e9rica y an\u00f3nima que no incluye datos de car\u00e1cter personal cuyo objetivo es garantizar el funcionamiento de la web.<\/p>\n\n\n\n<p><strong>De registro:<\/strong> Se crean con el registro de un usuario (log-in). Se utilizan para identificar al usuario una vez se ha autenticado dentro de los Sitios Web.<\/p>\n\n\n\n<ul class=\"wp-block-list\">\n<li><strong>Cookies de terceros (aqu\u00e9llas que se env\u00edan al equipo terminal del usuario desde un equipo o dominio que no es gestionado por Eventos LPA):<\/strong><\/li>\n<\/ul>\n\n\n\n<p><strong>b.1. Cookies anal\u00edticas:<\/strong> Son aqu\u00e9llas que permiten al responsable de las mismas, el seguimiento y an\u00e1lisis del comportamiento de los usuarios de los sitios web a los que est\u00e1n vinculadas. La informaci\u00f3n recogida mediante este tipo de cookies se utiliza en la medici\u00f3n de la actividad del Sitio Web y para la elaboraci\u00f3n de perfiles de navegaci\u00f3n anonimizados de los usuarios, con el fin de introducir mejoras en funci\u00f3n del an\u00e1lisis de los datos de uso que hacen los usuarios del servicio:<\/p>\n\n\n\n<p><strong>De Google Analitycs:<\/strong> Google Analytics, es un servicio anal\u00edtico de web prestado por Google, Inc., una compa\u00f1\u00eda de Delaware cuya oficina principal est\u00e1 en 1600 Amphitheatre Parkway, Mountain View (California), CA 94043, Estados Unidos (\u201cGoogle\u201d).<\/p>\n\n\n\n<p>M\u00e1s informaci\u00f3n: <a href=\"https:\/\/www.google.com\/policies\/privacy\/\">https:\/\/www.google.com\/policies\/privacy\/<\/a><\/p>\n\n\n\n<p><strong>De WordPress Stats:<\/strong> Propiedad de la empresa norteamericana Automattic, Inc. A tales efectos, el uso de tales cookies por los sistemas nunca est\u00e1n bajo control o gesti\u00f3n de la responsable de la web, pueden cambiar su funci\u00f3n en cualquier momento, y entrar cookies nuevas. Estas cookies tampoco reportan al responsable de este web beneficio alguno. Automattic, Inc., utiliza adem\u00e1s otras cookies con la finalidad de ayudar a identificar y rastrear a los visitantes de los sitios de WordPress, conocer el uso que hacen del sitio web de Automattic, as\u00ed como sus preferencias de acceso al mismo, tal y como se recoge en el apartado \u201cCookies\u201d de su pol\u00edtica de privacidad.<\/p>\n\n\n\n<p>M\u00e1s Informaci\u00f3n:&nbsp;&nbsp; <a href=\"https:\/\/en.support.wordpress.com\/stats\/%20%20\">https:\/\/en.support.wordpress.com\/stats\/ <\/a>&nbsp;y <a href=\"https:\/\/automattic.com\/privacy\/\">https:\/\/automattic.com\/privacy\/<\/a><\/p>\n\n\n\n<p>De WPForms, LLC: Es un generador de suscripciones. M\u00e1s informaci\u00f3n:&nbsp;&nbsp; <a href=\"https:\/\/wpforms.com\/privacy-policy\/\">https:\/\/wpforms.com\/privacy-policy\/<\/a><\/p>\n\n\n\n<p><strong>De plataformas de v\u00eddeo como Youtube,<\/strong> servidor de video proporcionado por YouTube LLC con domicilio en 901 Cherry Avenue, San Bruno, CA 94066, Estados Unidos.<\/p>\n\n\n\n<p><strong>M\u00e1s informaci\u00f3n: <\/strong><a href=\"https:\/\/www.youtube.com\/intl\/es\/about\/policies\/#community-guidelines\">https:\/\/www.youtube.com\/intl\/es\/about\/policies\/#community-guidelines<\/a>, <a href=\"https:\/\/www.canalyoutube.es\/politica-de-cookies\/\">https:\/\/www.canalyoutube.es\/politica-de-cookies\/<\/a><\/p>\n\n\n\n<p><strong>Cookies de redes sociales externas:<\/strong> que se utilizan para que los visitantes puedan interactuar con el contenido de diferentes plataformas sociales (Facebook, YouTube, Twitter, LinkedIn, Instagram, etc.) y que se generan \u00fanicamente para los usuarios de dichas redes sociales. Las condiciones de utilizaci\u00f3n de estas cookies y la informaci\u00f3n recopilada se regulan por la pol\u00edtica de privacidad de la plataforma social correspondiente.<\/p>\n\n\n\n<p>M\u00e1s informaci\u00f3n:<\/p>\n\n\n\n<ul class=\"wp-block-list\">\n<li><a href=\"https:\/\/www.facebook.com\/help\/cookies\/%20%20\">https:\/\/www.facebook.com\/help\/cookies\/ <\/a>&nbsp;<\/li>\n\n\n\n<li><a href=\"https:\/\/www.google.com\/intl\/es_es\/policies\/technologies\/types\/\">https:\/\/www.google.com\/intl\/es_es\/policies\/technologies\/types\/<\/a><\/li>\n\n\n\n<li><a href=\"https:\/\/support.twitter.com\/articles\/20170521-el-uso-que-hace-twitter-de-cookies-y-tecnologias-similares%23\">https:\/\/support.twitter.com\/articles\/20170521-el-uso-que-hace-twitter-de-cookies-y-tecnologias-similares#<\/a><\/li>\n\n\n\n<li><a href=\"https:\/\/www.instagram.com\/legal\/cookies\/\">https:\/\/www.instagram.com\/legal\/cookies\/<\/a><\/li>\n\n\n\n<li><a href=\"https:\/\/about.pinterest.com\/es\/cookies-pinterest%20%20%20\">https:\/\/about.pinterest.com\/es\/cookies-pinterest&nbsp; <\/a>&nbsp;<\/li>\n\n\n\n<li><a href=\"https:\/\/es.linkedin.com\/legal\/cookie-policy?\">https:\/\/es.linkedin.com\/legal\/cookie-policy<\/a><\/li>\n<\/ul>\n\n\n\n<p>Las implicaciones de privacidad estar\u00e1n en funci\u00f3n a cada red social y depender\u00e1n de la configuraci\u00f3n de privacidad que ha elegido en estas redes. En ning\u00fan caso, ni el responsable de esta web ni los anunciantes pueden obtener informaci\u00f3n personal identificable de estas cookies.<\/p>\n\n\n\n<p><strong>3. Informaci\u00f3n sobre c\u00f3mo bloquear las cookies, como desactivarlas y\/o bloquearlas:<\/strong> El usuario podr\u00e1 -en cualquier momento- gestionar el uso de cookies a trav\u00e9s del navegador instalado en su terminal. En los enlaces siguientes puede encontrarse informaci\u00f3n sobre qu\u00e9 cookies tiene el usuario instaladas en su navegador, permitir su instalaci\u00f3n, bloquearlas o eliminarlas de su equipo:<\/p>\n\n\n\n<p>Chrome, desde:<\/p>\n\n\n\n<p><a href=\"http:\/\/support.google.com\/chrome\/bin\/answer.py?hl=es&amp;answer=95647%20%20%20\">http:\/\/support.google.com\/chrome\/bin\/answer.py?hl=es&amp;answer=95647&nbsp; <\/a>&nbsp;<\/p>\n\n\n\n<p>Explorer, desde:<\/p>\n\n\n\n<p><a href=\"https:\/\/support.microsoft.com\/es-es\/help\/17442\/windows-internet-explorer-delete-manage-cookies\">https:\/\/support.microsoft.com\/es-es\/help\/17442\/windows-internet-explorer-delete-manage-cookies<\/a><\/p>\n\n\n\n<p>Firefox, desde:<\/p>\n\n\n\n<p><a href=\"http:\/\/support.mozilla.org\/es\/kb\/habilitar-y-deshabilitar-cookies-que-los-sitios-we%20%20\">http:\/\/support.mozilla.org\/es\/kb\/habilitar-y-deshabilitar-cookies-que-los-sitios-we <\/a>&nbsp;<\/p>\n\n\n\n<p>Safari, desde:<\/p>\n\n\n\n<p><a href=\"https:\/\/support.apple.com\/kb\/PH19214?viewlocale=es_ES&amp;locale=es_ES\">https:\/\/support.apple.com\/kb\/PH19214?viewlocale=es_ES&amp;locale=es_ES<\/a><\/p>\n\n\n\n<p>Opera, desde: <a href=\"http:\/\/help.opera.com\/Windows\/11.50\/es-ES\/cookies.html%20%20%20\">http:\/\/help.opera.com\/Windows\/11.50\/es-ES\/cookies.html&nbsp; <\/a>&nbsp;<\/p>\n\n\n\n<p>Existen herramientas de terceros, disponibles online, que permiten a los usuarios detectar las cookies en cada sitio web que visita y gestionar su desactivaci\u00f3n.<\/p>\n\n\n\n<p>Los navegadores web son las herramientas encargadas de almacenar las cookies y desde este lugar el usuario puede ejercitar su derecho a eliminaci\u00f3n o desactivaci\u00f3n de las mismas. Ni esta web ni sus representantes legales pueden garantizar la correcta o incorrecta manipulaci\u00f3n de las cookies por parte de los mencionados navegadores.<\/p>\n\n\n\n<p>En algunos casos es necesario instalar cookies para que el navegador no olvide la decisi\u00f3n del usuario de no aceptaci\u00f3n de las mismas.<\/p>\n\n\n\n<p>La aceptaci\u00f3n de la presente pol\u00edtica de cookies implica que el usuario ha sido informado de una forma clara y completa sobre el uso de dispositivos de almacenamiento y recuperaci\u00f3n de datos (cookies) as\u00ed como que Eventos LPA dispone del consentimiento del usuario para el uso de las mismas tal y como establece el art\u00edculo 22 de la Ley 34\/2002, de 11 de julio, de Servicios de la Sociedad de la Informaci\u00f3n y Comercio Electr\u00f3nico (LSSI-CE).<\/p>","protected":false},"excerpt":{"rendered":"<p>Bienvenido a la web de Eventos LPA &nbsp;Informaci\u00f3n general: 1.1. Datos del titular del sitio web: El titular del sitio web https:\/\/eventoslpa.com\/ as\u00ed como de todos los subdominios y directorios incluidos en las mismas (en adelante, conjuntamente denominados como la \u201cWeb\u201d o el \u201cSitio Web\u201d) es Eventos LPA SCP, NIF: J56505993, con domicilio social en [&hellip;]<\/p>\n","protected":false},"author":1,"featured_media":0,"parent":0,"menu_order":0,"comment_status":"closed","ping_status":"closed","template":"","meta":{"site-sidebar-layout":"default","site-content-layout":"","ast-site-content-layout":"default","site-content-style":"default","site-sidebar-style":"default","ast-global-header-display":"","ast-banner-title-visibility":"","ast-main-header-display":"","ast-hfb-above-header-display":"","ast-hfb-below-header-display":"","ast-hfb-mobile-header-display":"","site-post-title":"","ast-breadcrumbs-content":"","ast-featured-img":"","footer-sml-layout":"","theme-transparent-header-meta":"","adv-header-id-meta":"","stick-header-meta":"","header-above-stick-meta":"","header-main-stick-meta":"","header-below-stick-meta":"","astra-migrate-meta-layouts":"set","ast-page-background-enabled":"default","ast-page-background-meta":{"desktop":{"background-color":"var(--ast-global-color-4)","background-image":"","background-repeat":"repeat","background-position":"center center","background-size":"auto","background-attachment":"scroll","background-type":"","background-media":"","overlay-type":"","overlay-color":"","overlay-opacity":"","overlay-gradient":""},"tablet":{"background-color":"","background-image":"","background-repeat":"repeat","background-position":"center center","background-size":"auto","background-attachment":"scroll","background-type":"","background-media":"","overlay-type":"","overlay-color":"","overlay-opacity":"","overlay-gradient":""},"mobile":{"background-color":"","background-image":"","background-repeat":"repeat","background-position":"center center","background-size":"auto","background-attachment":"scroll","background-type":"","background-media":"","overlay-type":"","overlay-color":"","overlay-opacity":"","overlay-gradient":""}},"ast-content-background-meta":{"desktop":{"background-color":"var(--ast-global-color-5)","background-image":"","background-repeat":"repeat","background-position":"center center","background-size":"auto","background-attachment":"scroll","background-type":"","background-media":"","overlay-type":"","overlay-color":"","overlay-opacity":"","overlay-gradient":""},"tablet":{"background-color":"var(--ast-global-color-5)","background-image":"","background-repeat":"repeat","background-position":"center center","background-size":"auto","background-attachment":"scroll","background-type":"","background-media":"","overlay-type":"","overlay-color":"","overlay-opacity":"","overlay-gradient":""},"mobile":{"background-color":"var(--ast-global-color-5)","background-image":"","background-repeat":"repeat","background-position":"center center","background-size":"auto","background-attachment":"scroll","background-type":"","background-media":"","overlay-type":"","overlay-color":"","overlay-opacity":"","overlay-gradient":""}},"_joinchat":[],"footnotes":""},"class_list":["post-343","page","type-page","status-publish","hentry"],"yoast_head":"<!-- This site is optimized with the Yoast SEO plugin v27.4 - https:\/\/yoast.com\/product\/yoast-seo-wordpress\/ -->\n<title>Pol\u00edtica de Cookies - Eventos LPA - Organizaci\u00f3n y gesti\u00f3n de Eventos en las Islas Canarias<\/title>\n<meta name=\"description\" content=\"Eventos LP\u039b - Organizador de eventos en Canarias\" \/>\n<meta name=\"robots\" content=\"index, follow, max-snippet:-1, max-image-preview:large, max-video-preview:-1\" \/>\n<link rel=\"canonical\" href=\"https:\/\/eventoslpa.com\/en\/politica-de-cookies\/\" \/>\n<meta property=\"og:locale\" content=\"en_GB\" \/>\n<meta property=\"og:type\" content=\"article\" \/>\n<meta property=\"og:title\" content=\"Pol\u00edtica de Cookies - Eventos LPA - Organizaci\u00f3n y gesti\u00f3n de Eventos en las Islas Canarias\" \/>\n<meta property=\"og:description\" content=\"Eventos LP\u039b - Organizador de eventos en Canarias\" \/>\n<meta property=\"og:url\" content=\"https:\/\/eventoslpa.com\/en\/politica-de-cookies\/\" \/>\n<meta property=\"og:site_name\" content=\"Eventos LPA - Organizaci\u00f3n y gesti\u00f3n de Eventos en las Islas Canarias\" \/>\n<meta property=\"article:publisher\" content=\"https:\/\/www.facebook.com\/EventosLPA\" \/>\n<meta property=\"article:modified_time\" content=\"2023-11-29T12:26:33+00:00\" \/>\n<meta property=\"og:image\" content=\"https:\/\/eventoslpa.com\/wp-content\/uploads\/2023\/07\/Logo-azul-lpa.png\" \/>\n\t<meta property=\"og:image:width\" content=\"295\" \/>\n\t<meta property=\"og:image:height\" content=\"293\" \/>\n\t<meta property=\"og:image:type\" content=\"image\/png\" \/>\n<meta name=\"twitter:card\" content=\"summary_large_image\" \/>\n<meta name=\"twitter:label1\" content=\"Estimated reading time\" \/>\n\t<meta name=\"twitter:data1\" content=\"6 minutes\" \/>\n<script type=\"application\/ld+json\" class=\"yoast-schema-graph\">{\"@context\":\"https:\\\/\\\/schema.org\",\"@graph\":[{\"@type\":\"WebPage\",\"@id\":\"https:\\\/\\\/eventoslpa.com\\\/politica-de-cookies\\\/\",\"url\":\"https:\\\/\\\/eventoslpa.com\\\/politica-de-cookies\\\/\",\"name\":\"Pol\u00edtica de Cookies - Eventos LPA - Organizaci\u00f3n y gesti\u00f3n de Eventos en las Islas Canarias\",\"isPartOf\":{\"@id\":\"https:\\\/\\\/eventoslpa.com\\\/#website\"},\"datePublished\":\"2023-07-17T12:23:40+00:00\",\"dateModified\":\"2023-11-29T12:26:33+00:00\",\"description\":\"Eventos LP\u039b - Organizador de eventos en Canarias\",\"breadcrumb\":{\"@id\":\"https:\\\/\\\/eventoslpa.com\\\/politica-de-cookies\\\/#breadcrumb\"},\"inLanguage\":\"en-GB\",\"potentialAction\":[{\"@type\":\"ReadAction\",\"target\":[\"https:\\\/\\\/eventoslpa.com\\\/politica-de-cookies\\\/\"]}]},{\"@type\":\"BreadcrumbList\",\"@id\":\"https:\\\/\\\/eventoslpa.com\\\/politica-de-cookies\\\/#breadcrumb\",\"itemListElement\":[{\"@type\":\"ListItem\",\"position\":1,\"name\":\"Portada\",\"item\":\"https:\\\/\\\/eventoslpa.com\\\/\"},{\"@type\":\"ListItem\",\"position\":2,\"name\":\"Pol\u00edtica de Cookies\"}]},{\"@type\":\"WebSite\",\"@id\":\"https:\\\/\\\/eventoslpa.com\\\/#website\",\"url\":\"https:\\\/\\\/eventoslpa.com\\\/\",\"name\":\"Eventos LP\u039b - Organizador de eventos en Canarias\",\"description\":\"Organizaci\u00f3n y gesti\u00f3n de Eventos Corporativos en las Islas Canarias\",\"publisher\":{\"@id\":\"https:\\\/\\\/eventoslpa.com\\\/#organization\"},\"alternateName\":\"Eventos LPA - Organizador de eventos en Canarias\",\"potentialAction\":[{\"@type\":\"SearchAction\",\"target\":{\"@type\":\"EntryPoint\",\"urlTemplate\":\"https:\\\/\\\/eventoslpa.com\\\/?s={search_term_string}\"},\"query-input\":{\"@type\":\"PropertyValueSpecification\",\"valueRequired\":true,\"valueName\":\"search_term_string\"}}],\"inLanguage\":\"en-GB\"},{\"@type\":\"Organization\",\"@id\":\"https:\\\/\\\/eventoslpa.com\\\/#organization\",\"name\":\"Eventos LPA SCP\",\"alternateName\":\"Eventos LPA SCP\",\"url\":\"https:\\\/\\\/eventoslpa.com\\\/\",\"logo\":{\"@type\":\"ImageObject\",\"inLanguage\":\"en-GB\",\"@id\":\"https:\\\/\\\/eventoslpa.com\\\/#\\\/schema\\\/logo\\\/image\\\/\",\"url\":\"https:\\\/\\\/eventoslpa.com\\\/wp-content\\\/uploads\\\/2023\\\/07\\\/cropped-logo_v2_-_blanco-fondo-trans.png\",\"contentUrl\":\"https:\\\/\\\/eventoslpa.com\\\/wp-content\\\/uploads\\\/2023\\\/07\\\/cropped-logo_v2_-_blanco-fondo-trans.png\",\"width\":512,\"height\":512,\"caption\":\"Eventos LPA SCP\"},\"image\":{\"@id\":\"https:\\\/\\\/eventoslpa.com\\\/#\\\/schema\\\/logo\\\/image\\\/\"},\"sameAs\":[\"https:\\\/\\\/www.facebook.com\\\/EventosLPA\",\"https:\\\/\\\/www.instagram.com\\\/eventoslpa\",\"https:\\\/\\\/www.linkedin.com\\\/company\\\/eventos-lp\u03bb\\\/?viewAsMember=true\"]}]}<\/script>\n<!-- \/ Yoast SEO plugin. -->","yoast_head_json":{"title":"Pol\u00edtica de Cookies - Eventos LPA - Organizaci\u00f3n y gesti\u00f3n de Eventos en las Islas Canarias","description":"Eventos LP\u039b - Organizador de eventos en Canarias","robots":{"index":"index","follow":"follow","max-snippet":"max-snippet:-1","max-image-preview":"max-image-preview:large","max-video-preview":"max-video-preview:-1"},"canonical":"https:\/\/eventoslpa.com\/en\/politica-de-cookies\/","og_locale":"en_GB","og_type":"article","og_title":"Pol\u00edtica de Cookies - Eventos LPA - Organizaci\u00f3n y gesti\u00f3n de Eventos en las Islas Canarias","og_description":"Eventos LP\u039b - Organizador de eventos en Canarias","og_url":"https:\/\/eventoslpa.com\/en\/politica-de-cookies\/","og_site_name":"Eventos LPA - Organizaci\u00f3n y gesti\u00f3n de Eventos en las Islas Canarias","article_publisher":"https:\/\/www.facebook.com\/EventosLPA","article_modified_time":"2023-11-29T12:26:33+00:00","og_image":[{"width":295,"height":293,"url":"https:\/\/eventoslpa.com\/wp-content\/uploads\/2023\/07\/Logo-azul-lpa.png","type":"image\/png"}],"twitter_card":"summary_large_image","twitter_misc":{"Estimated reading time":"6 minutes"},"schema":{"@context":"https:\/\/schema.org","@graph":[{"@type":"WebPage","@id":"https:\/\/eventoslpa.com\/politica-de-cookies\/","url":"https:\/\/eventoslpa.com\/politica-de-cookies\/","name":"Pol\u00edtica de Cookies - Eventos LPA - Organizaci\u00f3n y gesti\u00f3n de Eventos en las Islas Canarias","isPartOf":{"@id":"https:\/\/eventoslpa.com\/#website"},"datePublished":"2023-07-17T12:23:40+00:00","dateModified":"2023-11-29T12:26:33+00:00","description":"Eventos LP\u039b - Organizador de eventos en Canarias","breadcrumb":{"@id":"https:\/\/eventoslpa.com\/politica-de-cookies\/#breadcrumb"},"inLanguage":"en-GB","potentialAction":[{"@type":"ReadAction","target":["https:\/\/eventoslpa.com\/politica-de-cookies\/"]}]},{"@type":"BreadcrumbList","@id":"https:\/\/eventoslpa.com\/politica-de-cookies\/#breadcrumb","itemListElement":[{"@type":"ListItem","position":1,"name":"Portada","item":"https:\/\/eventoslpa.com\/"},{"@type":"ListItem","position":2,"name":"Pol\u00edtica de Cookies"}]},{"@type":"WebSite","@id":"https:\/\/eventoslpa.com\/#website","url":"https:\/\/eventoslpa.com\/","name":"Eventos LP\u039b - Organizador de eventos en Canarias","description":"Organizaci\u00f3n y gesti\u00f3n de Eventos Corporativos en las Islas Canarias","publisher":{"@id":"https:\/\/eventoslpa.com\/#organization"},"alternateName":"Eventos LPA - Organizador de eventos en Canarias","potentialAction":[{"@type":"SearchAction","target":{"@type":"EntryPoint","urlTemplate":"https:\/\/eventoslpa.com\/?s={search_term_string}"},"query-input":{"@type":"PropertyValueSpecification","valueRequired":true,"valueName":"search_term_string"}}],"inLanguage":"en-GB"},{"@type":"Organization","@id":"https:\/\/eventoslpa.com\/#organization","name":"Eventos LPA SCP","alternateName":"Eventos LPA SCP","url":"https:\/\/eventoslpa.com\/","logo":{"@type":"ImageObject","inLanguage":"en-GB","@id":"https:\/\/eventoslpa.com\/#\/schema\/logo\/image\/","url":"https:\/\/eventoslpa.com\/wp-content\/uploads\/2023\/07\/cropped-logo_v2_-_blanco-fondo-trans.png","contentUrl":"https:\/\/eventoslpa.com\/wp-content\/uploads\/2023\/07\/cropped-logo_v2_-_blanco-fondo-trans.png","width":512,"height":512,"caption":"Eventos LPA SCP"},"image":{"@id":"https:\/\/eventoslpa.com\/#\/schema\/logo\/image\/"},"sameAs":["https:\/\/www.facebook.com\/EventosLPA","https:\/\/www.instagram.com\/eventoslpa","https:\/\/www.linkedin.com\/company\/eventos-lp\u03bb\/?viewAsMember=true"]}]}},"_links":{"self":[{"href":"https:\/\/eventoslpa.com\/en\/wp-json\/wp\/v2\/pages\/343","targetHints":{"allow":["GET"]}}],"collection":[{"href":"https:\/\/eventoslpa.com\/en\/wp-json\/wp\/v2\/pages"}],"about":[{"href":"https:\/\/eventoslpa.com\/en\/wp-json\/wp\/v2\/types\/page"}],"author":[{"embeddable":true,"href":"https:\/\/eventoslpa.com\/en\/wp-json\/wp\/v2\/users\/1"}],"replies":[{"embeddable":true,"href":"https:\/\/eventoslpa.com\/en\/wp-json\/wp\/v2\/comments?post=343"}],"version-history":[{"count":4,"href":"https:\/\/eventoslpa.com\/en\/wp-json\/wp\/v2\/pages\/343\/revisions"}],"predecessor-version":[{"id":1164,"href":"https:\/\/eventoslpa.com\/en\/wp-json\/wp\/v2\/pages\/343\/revisions\/1164"}],"wp:attachment":[{"href":"https:\/\/eventoslpa.com\/en\/wp-json\/wp\/v2\/media?parent=343"}],"curies":[{"name":"wp","href":"https:\/\/api.w.org\/{rel}","templated":true}]}}