{"id":374,"date":"2023-07-19T11:15:12","date_gmt":"2023-07-19T11:15:12","guid":{"rendered":"https:\/\/eventoslpa.com\/?page_id=374"},"modified":"2023-07-19T11:15:38","modified_gmt":"2023-07-19T11:15:38","slug":"rse","status":"publish","type":"page","link":"https:\/\/eventoslpa.com\/en\/rse\/","title":{"rendered":"RSE"},"content":{"rendered":"<p>En Eventos LPA, nuestra Pol\u00edtica de Responsabilidad Social Empresarial es un reflejo de nuestro compromiso con el desarrollo sostenible y la contribuci\u00f3n positiva a nuestra comunidad y medio ambiente. Nos esforzamos por ir m\u00e1s all\u00e1 de los resultados financieros y medimos nuestro \u00e9xito empresarial en funci\u00f3n del impacto positivo que generamos en las personas y el entorno. Nuestra pol\u00edtica se basa en los siguientes principios:<\/p>\n\n\n\n<ol class=\"wp-block-list\">\n<li>Cumplimiento legal y \u00e9tico: Nos comprometemos a cumplir con todas las leyes, regulaciones y normas aplicables en todas las \u00e1reas donde operamos. La \u00e9tica empresarial y la integridad son fundamentales en nuestras acciones y relaciones comerciales.<br><\/li>\n\n\n\n<li>Impacto medioambiental: Reconocemos nuestra responsabilidad hacia el medio ambiente y nos esforzamos por minimizar nuestro impacto. Adoptamos pr\u00e1cticas sostenibles para reducir el consumo de energ\u00eda, agua y recursos naturales, as\u00ed como gestionar adecuadamente los residuos generados. Adem\u00e1s, promovemos la sensibilizaci\u00f3n ambiental entre nuestros colaboradores, proveedores y clientes.<br><\/li>\n\n\n\n<li>Compromiso con las personas: Valoramos a todas las personas con las que interactuamos. Priorizamos la seguridad y el bienestar de nuestros colaboradores y participantes en todos nuestros eventos. Fomentamos entornos seguros y saludables, as\u00ed como la igualdad de oportunidades, la diversidad y el desarrollo profesional y personal.<br><\/li>\n\n\n\n<li>Participaci\u00f3n comunitaria: Contribuimos positivamente al desarrollo de nuestra sociedad. Apoyamos iniciativas sociales y culturales y colaboramos con entidades locales para abordar los desaf\u00edos y necesidades de nuestro entorno.<br><\/li>\n\n\n\n<li>Transparencia y rendici\u00f3n de cuentas: Somos transparentes en nuestras pr\u00e1cticas comerciales y nos comprometemos a informar regularmente sobre nuestros avances en responsabilidad social corporativa. Establecemos mecanismos de comunicaci\u00f3n y di\u00e1logo con nuestros grupos de inter\u00e9s para garantizar una gesti\u00f3n responsable y rendir cuentas por nuestras acciones.<\/li>\n<\/ol>\n\n\n\n<p>Nuestra Pol\u00edtica de Responsabilidad Social Empresarial gu\u00eda todas nuestras decisiones y acciones. Nos esforzamos por mejorar continuamente nuestras pr\u00e1cticas y cumplir con los m\u00e1s altos est\u00e1ndares de responsabilidad social corporativa. Buscamos crear valor sostenible para nuestros colaboradores, participantes, clientes y la sociedad en su conjunto.<\/p>","protected":false},"excerpt":{"rendered":"<p>En Eventos LPA, nuestra Pol\u00edtica de Responsabilidad Social Empresarial es un reflejo de nuestro compromiso con el desarrollo sostenible y la contribuci\u00f3n positiva a nuestra comunidad y medio ambiente. Nos esforzamos por ir m\u00e1s all\u00e1 de los resultados financieros y medimos nuestro \u00e9xito empresarial en funci\u00f3n del impacto positivo que generamos en las personas y [&hellip;]<\/p>\n","protected":false},"author":1,"featured_media":0,"parent":0,"menu_order":0,"comment_status":"closed","ping_status":"closed","template":"","meta":{"site-sidebar-layout":"default","site-content-layout":"","ast-site-content-layout":"","site-content-style":"default","site-sidebar-style":"default","ast-global-header-display":"","ast-banner-title-visibility":"","ast-main-header-display":"","ast-hfb-above-header-display":"","ast-hfb-below-header-display":"","ast-hfb-mobile-header-display":"","site-post-title":"","ast-breadcrumbs-content":"","ast-featured-img":"","footer-sml-layout":"","theme-transparent-header-meta":"","adv-header-id-meta":"","stick-header-meta":"","header-above-stick-meta":"","header-main-stick-meta":"","header-below-stick-meta":"","astra-migrate-meta-layouts":"default","ast-page-background-enabled":"default","ast-page-background-meta":{"desktop":{"background-color":"var(--ast-global-color-4)","background-image":"","background-repeat":"repeat","background-position":"center center","background-size":"auto","background-attachment":"scroll","background-type":"","background-media":"","overlay-type":"","overlay-color":"","overlay-opacity":"","overlay-gradient":""},"tablet":{"background-color":"","background-image":"","background-repeat":"repeat","background-position":"center center","background-size":"auto","background-attachment":"scroll","background-type":"","background-media":"","overlay-type":"","overlay-color":"","overlay-opacity":"","overlay-gradient":""},"mobile":{"background-color":"","background-image":"","background-repeat":"repeat","background-position":"center center","background-size":"auto","background-attachment":"scroll","background-type":"","background-media":"","overlay-type":"","overlay-color":"","overlay-opacity":"","overlay-gradient":""}},"ast-content-background-meta":{"desktop":{"background-color":"var(--ast-global-color-5)","background-image":"","background-repeat":"repeat","background-position":"center center","background-size":"auto","background-attachment":"scroll","background-type":"","background-media":"","overlay-type":"","overlay-color":"","overlay-opacity":"","overlay-gradient":""},"tablet":{"background-color":"var(--ast-global-color-5)","background-image":"","background-repeat":"repeat","background-position":"center center","background-size":"auto","background-attachment":"scroll","background-type":"","background-media":"","overlay-type":"","overlay-color":"","overlay-opacity":"","overlay-gradient":""},"mobile":{"background-color":"var(--ast-global-color-5)","background-image":"","background-repeat":"repeat","background-position":"center center","background-size":"auto","background-attachment":"scroll","background-type":"","background-media":"","overlay-type":"","overlay-color":"","overlay-opacity":"","overlay-gradient":""}},"_joinchat":[],"footnotes":""},"class_list":["post-374","page","type-page","status-publish","hentry"],"yoast_head":"<!-- This site is optimized with the Yoast SEO plugin v27.4 - https:\/\/yoast.com\/product\/yoast-seo-wordpress\/ -->\n<title>RSE - Eventos LPA - Organizaci\u00f3n y gesti\u00f3n de Eventos en las Islas Canarias<\/title>\n<meta name=\"description\" content=\"Eventos LP\u039b - Organizador de eventos en Canarias\" \/>\n<meta name=\"robots\" content=\"index, follow, max-snippet:-1, max-image-preview:large, max-video-preview:-1\" \/>\n<link rel=\"canonical\" href=\"https:\/\/eventoslpa.com\/en\/rse\/\" \/>\n<meta property=\"og:locale\" content=\"en_GB\" \/>\n<meta property=\"og:type\" content=\"article\" \/>\n<meta property=\"og:title\" content=\"RSE - Eventos LPA - Organizaci\u00f3n y gesti\u00f3n de Eventos en las Islas Canarias\" \/>\n<meta property=\"og:description\" content=\"Eventos LP\u039b - Organizador de eventos en Canarias\" \/>\n<meta property=\"og:url\" content=\"https:\/\/eventoslpa.com\/en\/rse\/\" \/>\n<meta property=\"og:site_name\" content=\"Eventos LPA - Organizaci\u00f3n y gesti\u00f3n de Eventos en las Islas Canarias\" \/>\n<meta property=\"article:publisher\" content=\"https:\/\/www.facebook.com\/EventosLPA\" \/>\n<meta property=\"article:modified_time\" content=\"2023-07-19T11:15:38+00:00\" \/>\n<meta property=\"og:image\" content=\"https:\/\/eventoslpa.com\/wp-content\/uploads\/2023\/07\/Logo-azul-lpa.png\" \/>\n\t<meta property=\"og:image:width\" content=\"295\" \/>\n\t<meta property=\"og:image:height\" content=\"293\" \/>\n\t<meta property=\"og:image:type\" content=\"image\/png\" \/>\n<meta name=\"twitter:card\" content=\"summary_large_image\" \/>\n<meta name=\"twitter:label1\" content=\"Estimated reading time\" \/>\n\t<meta name=\"twitter:data1\" content=\"2 minutes\" \/>\n<script type=\"application\/ld+json\" class=\"yoast-schema-graph\">{\"@context\":\"https:\\\/\\\/schema.org\",\"@graph\":[{\"@type\":\"WebPage\",\"@id\":\"https:\\\/\\\/eventoslpa.com\\\/rse\\\/\",\"url\":\"https:\\\/\\\/eventoslpa.com\\\/rse\\\/\",\"name\":\"RSE - Eventos LPA - Organizaci\u00f3n y gesti\u00f3n de Eventos en las Islas Canarias\",\"isPartOf\":{\"@id\":\"https:\\\/\\\/eventoslpa.com\\\/#website\"},\"datePublished\":\"2023-07-19T11:15:12+00:00\",\"dateModified\":\"2023-07-19T11:15:38+00:00\",\"description\":\"Eventos LP\u039b - Organizador de eventos en Canarias\",\"breadcrumb\":{\"@id\":\"https:\\\/\\\/eventoslpa.com\\\/rse\\\/#breadcrumb\"},\"inLanguage\":\"en-GB\",\"potentialAction\":[{\"@type\":\"ReadAction\",\"target\":[\"https:\\\/\\\/eventoslpa.com\\\/rse\\\/\"]}]},{\"@type\":\"BreadcrumbList\",\"@id\":\"https:\\\/\\\/eventoslpa.com\\\/rse\\\/#breadcrumb\",\"itemListElement\":[{\"@type\":\"ListItem\",\"position\":1,\"name\":\"Portada\",\"item\":\"https:\\\/\\\/eventoslpa.com\\\/\"},{\"@type\":\"ListItem\",\"position\":2,\"name\":\"RSE\"}]},{\"@type\":\"WebSite\",\"@id\":\"https:\\\/\\\/eventoslpa.com\\\/#website\",\"url\":\"https:\\\/\\\/eventoslpa.com\\\/\",\"name\":\"Eventos LP\u039b - Organizador de eventos en Canarias\",\"description\":\"Organizaci\u00f3n y gesti\u00f3n de Eventos Corporativos en las Islas Canarias\",\"publisher\":{\"@id\":\"https:\\\/\\\/eventoslpa.com\\\/#organization\"},\"alternateName\":\"Eventos LPA - Organizador de eventos en Canarias\",\"potentialAction\":[{\"@type\":\"SearchAction\",\"target\":{\"@type\":\"EntryPoint\",\"urlTemplate\":\"https:\\\/\\\/eventoslpa.com\\\/?s={search_term_string}\"},\"query-input\":{\"@type\":\"PropertyValueSpecification\",\"valueRequired\":true,\"valueName\":\"search_term_string\"}}],\"inLanguage\":\"en-GB\"},{\"@type\":\"Organization\",\"@id\":\"https:\\\/\\\/eventoslpa.com\\\/#organization\",\"name\":\"Eventos LPA SCP\",\"alternateName\":\"Eventos LPA SCP\",\"url\":\"https:\\\/\\\/eventoslpa.com\\\/\",\"logo\":{\"@type\":\"ImageObject\",\"inLanguage\":\"en-GB\",\"@id\":\"https:\\\/\\\/eventoslpa.com\\\/#\\\/schema\\\/logo\\\/image\\\/\",\"url\":\"https:\\\/\\\/eventoslpa.com\\\/wp-content\\\/uploads\\\/2023\\\/07\\\/cropped-logo_v2_-_blanco-fondo-trans.png\",\"contentUrl\":\"https:\\\/\\\/eventoslpa.com\\\/wp-content\\\/uploads\\\/2023\\\/07\\\/cropped-logo_v2_-_blanco-fondo-trans.png\",\"width\":512,\"height\":512,\"caption\":\"Eventos LPA SCP\"},\"image\":{\"@id\":\"https:\\\/\\\/eventoslpa.com\\\/#\\\/schema\\\/logo\\\/image\\\/\"},\"sameAs\":[\"https:\\\/\\\/www.facebook.com\\\/EventosLPA\",\"https:\\\/\\\/www.instagram.com\\\/eventoslpa\",\"https:\\\/\\\/www.linkedin.com\\\/company\\\/eventos-lp\u03bb\\\/?viewAsMember=true\"]}]}<\/script>\n<!-- \/ Yoast SEO plugin. -->","yoast_head_json":{"title":"RSE - Eventos LPA - Organizaci\u00f3n y gesti\u00f3n de Eventos en las Islas Canarias","description":"Eventos LP\u039b - Organizador de eventos en Canarias","robots":{"index":"index","follow":"follow","max-snippet":"max-snippet:-1","max-image-preview":"max-image-preview:large","max-video-preview":"max-video-preview:-1"},"canonical":"https:\/\/eventoslpa.com\/en\/rse\/","og_locale":"en_GB","og_type":"article","og_title":"RSE - Eventos LPA - Organizaci\u00f3n y gesti\u00f3n de Eventos en las Islas Canarias","og_description":"Eventos LP\u039b - Organizador de eventos en Canarias","og_url":"https:\/\/eventoslpa.com\/en\/rse\/","og_site_name":"Eventos LPA - Organizaci\u00f3n y gesti\u00f3n de Eventos en las Islas Canarias","article_publisher":"https:\/\/www.facebook.com\/EventosLPA","article_modified_time":"2023-07-19T11:15:38+00:00","og_image":[{"width":295,"height":293,"url":"https:\/\/eventoslpa.com\/wp-content\/uploads\/2023\/07\/Logo-azul-lpa.png","type":"image\/png"}],"twitter_card":"summary_large_image","twitter_misc":{"Estimated reading time":"2 minutes"},"schema":{"@context":"https:\/\/schema.org","@graph":[{"@type":"WebPage","@id":"https:\/\/eventoslpa.com\/rse\/","url":"https:\/\/eventoslpa.com\/rse\/","name":"RSE - Eventos LPA - Organizaci\u00f3n y gesti\u00f3n de Eventos en las Islas Canarias","isPartOf":{"@id":"https:\/\/eventoslpa.com\/#website"},"datePublished":"2023-07-19T11:15:12+00:00","dateModified":"2023-07-19T11:15:38+00:00","description":"Eventos LP\u039b - Organizador de eventos en Canarias","breadcrumb":{"@id":"https:\/\/eventoslpa.com\/rse\/#breadcrumb"},"inLanguage":"en-GB","potentialAction":[{"@type":"ReadAction","target":["https:\/\/eventoslpa.com\/rse\/"]}]},{"@type":"BreadcrumbList","@id":"https:\/\/eventoslpa.com\/rse\/#breadcrumb","itemListElement":[{"@type":"ListItem","position":1,"name":"Portada","item":"https:\/\/eventoslpa.com\/"},{"@type":"ListItem","position":2,"name":"RSE"}]},{"@type":"WebSite","@id":"https:\/\/eventoslpa.com\/#website","url":"https:\/\/eventoslpa.com\/","name":"Eventos LP\u039b - Organizador de eventos en Canarias","description":"Organizaci\u00f3n y gesti\u00f3n de Eventos Corporativos en las Islas Canarias","publisher":{"@id":"https:\/\/eventoslpa.com\/#organization"},"alternateName":"Eventos LPA - Organizador de eventos en Canarias","potentialAction":[{"@type":"SearchAction","target":{"@type":"EntryPoint","urlTemplate":"https:\/\/eventoslpa.com\/?s={search_term_string}"},"query-input":{"@type":"PropertyValueSpecification","valueRequired":true,"valueName":"search_term_string"}}],"inLanguage":"en-GB"},{"@type":"Organization","@id":"https:\/\/eventoslpa.com\/#organization","name":"Eventos LPA SCP","alternateName":"Eventos LPA SCP","url":"https:\/\/eventoslpa.com\/","logo":{"@type":"ImageObject","inLanguage":"en-GB","@id":"https:\/\/eventoslpa.com\/#\/schema\/logo\/image\/","url":"https:\/\/eventoslpa.com\/wp-content\/uploads\/2023\/07\/cropped-logo_v2_-_blanco-fondo-trans.png","contentUrl":"https:\/\/eventoslpa.com\/wp-content\/uploads\/2023\/07\/cropped-logo_v2_-_blanco-fondo-trans.png","width":512,"height":512,"caption":"Eventos LPA SCP"},"image":{"@id":"https:\/\/eventoslpa.com\/#\/schema\/logo\/image\/"},"sameAs":["https:\/\/www.facebook.com\/EventosLPA","https:\/\/www.instagram.com\/eventoslpa","https:\/\/www.linkedin.com\/company\/eventos-lp\u03bb\/?viewAsMember=true"]}]}},"_links":{"self":[{"href":"https:\/\/eventoslpa.com\/en\/wp-json\/wp\/v2\/pages\/374","targetHints":{"allow":["GET"]}}],"collection":[{"href":"https:\/\/eventoslpa.com\/en\/wp-json\/wp\/v2\/pages"}],"about":[{"href":"https:\/\/eventoslpa.com\/en\/wp-json\/wp\/v2\/types\/page"}],"author":[{"embeddable":true,"href":"https:\/\/eventoslpa.com\/en\/wp-json\/wp\/v2\/users\/1"}],"replies":[{"embeddable":true,"href":"https:\/\/eventoslpa.com\/en\/wp-json\/wp\/v2\/comments?post=374"}],"version-history":[{"count":2,"href":"https:\/\/eventoslpa.com\/en\/wp-json\/wp\/v2\/pages\/374\/revisions"}],"predecessor-version":[{"id":376,"href":"https:\/\/eventoslpa.com\/en\/wp-json\/wp\/v2\/pages\/374\/revisions\/376"}],"wp:attachment":[{"href":"https:\/\/eventoslpa.com\/en\/wp-json\/wp\/v2\/media?parent=374"}],"curies":[{"name":"wp","href":"https:\/\/api.w.org\/{rel}","templated":true}]}}